{"id":11,"date":"2015-01-18T14:05:53","date_gmt":"2015-01-18T14:05:53","guid":{"rendered":"http:\/\/www.benoon.com\/wp\/haircut\/1\/?page_id=11"},"modified":"2026-04-08T02:02:23","modified_gmt":"2026-04-08T00:02:23","slug":"homepage","status":"publish","type":"page","link":"http:\/\/princesszuleika.de\/en\/","title":{"rendered":"Home"},"content":{"rendered":"<p>[et_pb_section fb_built=&#8220;1&#8243; fullwidth=&#8220;on&#8220; admin_label=&#8220;Sektion&#8220; module_class=&#8220;zuleika-slider&#8220; _builder_version=&#8220;4.16&#8243; _module_preset=&#8220;default&#8220; global_colors_info=&#8220;{}&#8220;][et_pb_fullwidth_slider _builder_version=&#8220;4.27.6&#8243; _module_preset=&#8220;default&#8220; header_font=&#8220;|600|||||||&#8220; custom_padding=&#8220;21vh||21vh||true|false&#8220; global_colors_info=&#8220;{}&#8220;][et_pb_slide heading=&#8220;BDSM &#038;&#8220; use_bg_overlay=&#8220;on&#8220; bg_overlay_color=&#8220;rgba(0,0,0,0.24)&#8220; use_text_overlay=&#8220;on&#8220; text_overlay_color=&#8220;rgba(0,0,0,0.55)&#8220; _builder_version=&#8220;4.27.6&#8243; _module_preset=&#8220;default&#8220; header_level=&#8220;h3&#8243; header_font_size=&#8220;30px&#8220; background_enable_color=&#8220;off&#8220; background_image=&#8220;https:\/\/princesszuleika.de\/wp-content\/uploads\/2023\/10\/AirBrush_20231020194535.jpg&#8220; background_enable_image=&#8220;on&#8220; text_orientation=&#8220;left&#8220; custom_padding=&#8220;||||false|false&#8220; custom_css_slide_container=&#8220;max-width: 450px;||float: left;&#8220; global_colors_info=&#8220;{}&#8220; sticky_transition=&#8220;on&#8220;]<\/p>\n<p><span style=\"font-size: 30px; font-weight: 500; color: #cc2efa;\">BODYWORK<br \/><\/span><\/p>\n<p>Bewusst Grenzen ausloten.<br \/>Homebases: Z\u00dcRICH \/ MANNHEIM<\/p>\n<p>[\/et_pb_slide][et_pb_slide heading=&#8220;INDIVIDUELLE&#8220; use_bg_overlay=&#8220;on&#8220; bg_overlay_color=&#8220;rgba(0,0,0,0.24)&#8220; use_text_overlay=&#8220;on&#8220; text_overlay_color=&#8220;rgba(0,0,0,0.55)&#8220; _builder_version=&#8220;4.27.6&#8243; _module_preset=&#8220;default&#8220; header_level=&#8220;h3&#8243; header_font_size=&#8220;30px&#8220; background_enable_color=&#8220;off&#8220; background_image=&#8220;https:\/\/princesszuleika.de\/wp-content\/uploads\/2024\/12\/dsc01463-scaled.webp&#8220; background_enable_image=&#8220;on&#8220; text_orientation=&#8220;left&#8220; custom_padding=&#8220;||||false|false&#8220; custom_css_slide_container=&#8220;max-width: 400px;||float: left;&#8220; global_colors_info=&#8220;{}&#8220; custom_css_slide_container_last_edited=&#8220;off|phone&#8220; sticky_transition=&#8220;on&#8220;]<\/p>\n<p><span style=\"font-size: 30px; font-weight: 500; color: #cc2efa;\">BEGEGNUNGEN<\/span><\/p>\n<p>Sinnlichkeit erleben.<br \/>Erforschen. F\u00fchlen. Sein.<\/p>\n<p>[\/et_pb_slide][et_pb_slide heading=&#8220;ACHTSAME&#8220; use_bg_overlay=&#8220;on&#8220; bg_overlay_color=&#8220;rgba(0,0,0,0.24)&#8220; use_text_overlay=&#8220;on&#8220; text_overlay_color=&#8220;rgba(0,0,0,0.55)&#8220; _builder_version=&#8220;4.27.6&#8243; _module_preset=&#8220;default&#8220; header_level=&#8220;h3&#8243; header_font_size=&#8220;30px&#8220; background_enable_color=&#8220;off&#8220; background_image=&#8220;https:\/\/princesszuleika.de\/wp-content\/uploads\/2018\/07\/trease-beyond-reach-18-3.jpg&#8220; background_enable_image=&#8220;on&#8220; text_orientation=&#8220;left&#8220; custom_padding=&#8220;||||false|false&#8220; custom_css_slide_container=&#8220;max-width: 400px;||float: left;&#8220; global_colors_info=&#8220;{}&#8220; sticky_transition=&#8220;on&#8220;]<\/p>\n<p><span style=\"font-size: 30px; font-weight: 500; color: #cc2efa;\">SEXUALBEGLEITUNG<\/span><\/p>\n<p>Auf Augenh\u00f6re, bed\u00fcrfnisorientiert<br \/>und selbstbestimmt.\u00a0<\/p>\n<p>[\/et_pb_slide][\/et_pb_fullwidth_slider][\/et_pb_section][et_pb_section fb_built=&#8220;1&#8243; _builder_version=&#8220;4.16&#8243; _module_preset=&#8220;default&#8220; background_color=&#8220;#000000&#8243; use_background_color_gradient=&#8220;on&#8220; background_color_gradient_stops=&#8220;rgba(0,0,0,0.25) 0%|rgba(255,255,255,0.06) 100%&#8220; background_color_gradient_overlays_image=&#8220;on&#8220; background_color_gradient_start=&#8220;rgba(0,0,0,0.25)&#8220; background_color_gradient_end=&#8220;rgba(255,255,255,0.06)&#8220; background_image=&#8220;https:\/\/princesszuleika.de\/wp-content\/uploads\/2018\/04\/background_bodyfull.jpg&#8220; background_size=&#8220;initial&#8220; background_position=&#8220;top_center&#8220; background_repeat=&#8220;repeat-x&#8220; global_colors_info=&#8220;{}&#8220;][et_pb_row _builder_version=&#8220;4.22.1&#8243; _module_preset=&#8220;default&#8220; custom_margin=&#8220;||20px||false|false&#8220; custom_padding=&#8220;0px|||||&#8220; global_colors_info=&#8220;{}&#8220;][et_pb_column type=&#8220;4_4&#8243; _builder_version=&#8220;4.22.1&#8243; _module_preset=&#8220;default&#8220; global_colors_info=&#8220;{}&#8220;][et_pb_blurb _builder_version=&#8220;4.27.6&#8243; _module_preset=&#8220;default&#8220; background_color=&#8220;RGBA(255,255,255,0)&#8220; custom_margin=&#8220;||-64px|||&#8220; custom_padding=&#8220;0px||0px|||&#8220; inline_fonts=&#8220;Verdana&#8220; global_colors_info=&#8220;{}&#8220;]<\/p>\n<blockquote>\n<h1 style=\"text-align: center;\"><span style=\"font-family: Verdana; font-weight: normal; font-size: small; color: #ffffff;\">Willkommen in meiner Welt voller sinnlicher Erlebnisse, achtsamer Ber\u00fchrung, verspielter Dominanz, Vertrauen und Hingabe! Mein Space ist offen f\u00fcr alle Geschlechter, sexuelle Orientierungen, Neurodiversit\u00e4t und Menschen mit und ohne Behinderung.<\/span><\/h1>\n<\/blockquote>\n<p>&nbsp;<\/p>\n<h3 style=\"text-align: center;\"><strong>\u00a0<\/strong><\/h3>\n<p>[\/et_pb_blurb][et_pb_image src=&#8220;https:\/\/princesszuleika.de\/wp-content\/uploads\/2016\/01\/zuleika_logo_full_15-e1453546504903.png&#8220; title_text=&#8220;zuleika_logo_full_15&#8243; align=&#8220;center&#8220; _builder_version=&#8220;4.22.1&#8243; _module_preset=&#8220;default&#8220; max_height=&#8220;1000px&#8220; custom_padding=&#8220;52px|||||&#8220; global_colors_info=&#8220;{}&#8220;][\/et_pb_image][\/et_pb_column][\/et_pb_row][et_pb_row column_structure=&#8220;1_3,1_3,1_3&#8243; _builder_version=&#8220;4.16&#8243; _module_preset=&#8220;default&#8220; custom_padding=&#8220;0px|||||&#8220; global_colors_info=&#8220;{}&#8220;][et_pb_column type=&#8220;1_3&#8243; _builder_version=&#8220;4.16&#8243; _module_preset=&#8220;default&#8220; global_colors_info=&#8220;{}&#8220;][dsm_card title=&#8220;Unerfahrene&#8220; image=&#8220;https:\/\/princesszuleika.de\/wp-content\/uploads\/2020\/04\/IMG-20190115-WA0004.jpg&#8220; badge_padding=&#8220;7px|11px|7px|15px|false|false&#8220; button_text=&#8220;Mehr erfahren&#8220; button_url=&#8220;@ET-DC@eyJkeW5hbWljIjp0cnVlLCJjb250ZW50IjoicG9zdF9saW5rX3VybF9wb3N0Iiwic2V0dGluZ3MiOnsicG9zdF9pZCI6IjY3NiJ9fQ==@&#8220; button_url_new_window=&#8220;1&#8243; _builder_version=&#8220;4.16&#8243; _dynamic_attributes=&#8220;button_url&#8220; _module_preset=&#8220;default&#8220; header_text_color=&#8220;#FFFFFF&#8220; header_font_size=&#8220;25px&#8220; header_line_height=&#8220;1.4em&#8220; body_text_color=&#8220;#999999&#8243; body_font_size=&#8220;16px&#8220; background_color=&#8220;#000000&#8243; border_width_all=&#8220;1px&#8220; border_radii_badge=&#8220;on|0px|0px|0px|0px&#8220; global_colors_info=&#8220;{}&#8220;]<\/p>\n<p>Du bist neugierig und interessiert, hast jedoch bisher keine realen Erfahrungen sammeln k\u00f6nnen? Nutze mein Angebot f\u00fcr Anf\u00e4ngerInnen!<\/p>\n<p>[\/dsm_card][\/et_pb_column][et_pb_column type=&#8220;1_3&#8243; _builder_version=&#8220;4.16&#8243; _module_preset=&#8220;default&#8220; global_colors_info=&#8220;{}&#8220;][dsm_card title=&#8220;PAARE \/ FRAUEN&#8220; image=&#8220;https:\/\/princesszuleika.de\/wp-content\/uploads\/2026\/01\/airbrush_20260110011255.webp&#8220; badge_padding=&#8220;7px||7px|15px|false|false&#8220; button_text=&#8220;Mehr erfahren&#8220; button_url=&#8220;https:\/\/princesszuleika.de\/about\/&#8220; button_url_new_window=&#8220;on&#8220; _builder_version=&#8220;4.27.5&#8243; _module_preset=&#8220;default&#8220; header_text_color=&#8220;#FFFFFF&#8220; header_font_size=&#8220;25px&#8220; header_line_height=&#8220;1.4em&#8220; body_text_color=&#8220;#999999&#8243; body_font_size=&#8220;16px&#8220; background_color=&#8220;#000000&#8243; border_width_all=&#8220;1px&#8220; border_radii_badge=&#8220;on|0px|0px|0px|0px&#8220; global_colors_info=&#8220;{}&#8220;]<\/p>\n<p>Willkommen sind Paare jeder Konstellation: Coaching oder gemeinsame Sessions. Ebenso einzelne Frauen, trans Personen, alle Gender.<\/p>\n<p>[\/dsm_card][\/et_pb_column][et_pb_column type=&#8220;1_3&#8243; _builder_version=&#8220;4.16&#8243; _module_preset=&#8220;default&#8220; global_colors_info=&#8220;{}&#8220;][dsm_card title=&#8220;Begleitete Sexualit\u00e4t&#8220; image=&#8220;https:\/\/princesszuleika.de\/wp-content\/uploads\/2023\/08\/Prinzessin-Throne-Closeup-4.jpg&#8220; badge_padding=&#8220;7px|11px|7px|15px|false|false&#8220; button_text=&#8220;Mehr erfahren&#8220; button_url=&#8220;@ET-DC@eyJkeW5hbWljIjp0cnVlLCJjb250ZW50IjoicG9zdF9saW5rX3VybF9wb3N0Iiwic2V0dGluZ3MiOnsicG9zdF9pZCI6Ijc0MCJ9fQ==@&#8220; button_url_new_window=&#8220;1&#8243; _builder_version=&#8220;4.27.6&#8243; _dynamic_attributes=&#8220;button_url&#8220; _module_preset=&#8220;default&#8220; header_text_color=&#8220;#FFFFFF&#8220; header_font_size=&#8220;25px&#8220; header_line_height=&#8220;1.4em&#8220; body_text_color=&#8220;#999999&#8243; body_font_size=&#8220;16px&#8220; background_color=&#8220;#000000&#8243; hover_enabled=&#8220;0&#8243; border_width_all=&#8220;1px&#8220; border_radii_badge=&#8220;on|0px|0px|0px|0px&#8220; global_colors_info=&#8220;{}&#8220; sticky_enabled=&#8220;0&#8243;]<\/p>\n<p>F\u00fcr Menschen mit Behinderungen, Erkrankungen, im hohen Alter oder mit mentalen Themen. Bed\u00fcrfnisorientiert,<br \/>selbstbestimmt und traumasensibel.<\/p>\n<p>[\/dsm_card][\/et_pb_column][\/et_pb_row][et_pb_row column_structure=&#8220;1_3,1_3,1_3&#8243; _builder_version=&#8220;4.22.1&#8243; _module_preset=&#8220;default&#8220; custom_padding=&#8220;0px|||||&#8220; global_colors_info=&#8220;{}&#8220;][et_pb_column type=&#8220;1_3&#8243; _builder_version=&#8220;4.16&#8243; _module_preset=&#8220;default&#8220; global_colors_info=&#8220;{}&#8220;][dsm_card title=&#8220;BDSM&#8220; image=&#8220;https:\/\/princesszuleika.de\/wp-content\/uploads\/2022\/07\/ivy-room-22-3-high-res-scaled-e1719270366666.jpg&#8220; badge_padding=&#8220;7px|11px|7px|15px|false|false&#8220; button_text=&#8220;Session buchen&#8220; button_url=&#8220;http:\/\/www.princesszuleika.de\/kontakt&#8220; button_url_new_window=&#8220;on&#8220; admin_label=&#8220;Supreme Card&#8220; _builder_version=&#8220;4.27.4&#8243; _module_preset=&#8220;default&#8220; header_text_color=&#8220;#FFFFFF&#8220; header_font_size=&#8220;25px&#8220; header_line_height=&#8220;1.4em&#8220; body_text_color=&#8220;#999999&#8243; body_font_size=&#8220;16px&#8220; background_color=&#8220;#000000&#8243; link_option_url=&#8220;princesszuleika.de&#8220; border_width_all=&#8220;1px&#8220; border_radii_badge=&#8220;on|0px|0px|0px|0px&#8220; global_colors_info=&#8220;{}&#8220;]<\/p>\n<p>Passion. Pain. Pleasure.<br \/>Grenzerfahrungen. Machtgef\u00e4lle. Bizarre Inszenierungen. Der schmale Grad zwischen Lust und Leid.<\/p>\n<p>[\/dsm_card][\/et_pb_column][et_pb_column type=&#8220;1_3&#8243; _builder_version=&#8220;4.22.1&#8243; _module_preset=&#8220;default&#8220; global_colors_info=&#8220;{}&#8220;][dsm_card title=&#8220;BODYWORK&#8220; image=&#8220;https:\/\/princesszuleika.de\/wp-content\/uploads\/2024\/06\/IMG-20240206-WA0004.jpg&#8220; badge_padding=&#8220;7px||7px|15px|false|false&#8220; button_text=&#8220;Session buchen&#8220; button_url=&#8220;http:\/\/www.princesszuleika.de\/kontakt&#8220; button_url_new_window=&#8220;1&#8243; _builder_version=&#8220;4.25.2&#8243; _module_preset=&#8220;default&#8220; header_text_color=&#8220;#FFFFFF&#8220; header_font_size=&#8220;25px&#8220; header_line_height=&#8220;1.4em&#8220; body_text_color=&#8220;#999999&#8243; body_font_size=&#8220;16px&#8220; background_color=&#8220;#000000&#8243; custom_padding=&#8220;3px|||||&#8220; border_width_all=&#8220;1px&#8220; border_radii_badge=&#8220;on|0px|0px|0px|0px&#8220; global_colors_info=&#8220;{}&#8220;]<\/p>\n<p>Sinnliche K\u00f6rperarbeit. Erfahrungen sammeln. F\u00fchlen, Sp\u00fcren, Sein. Lernen durch achtsame Ber\u00fchrung und bed\u00fcrfnisorientierte Kommunikation.<\/p>\n<p>[\/dsm_card][\/et_pb_column][et_pb_column type=&#8220;1_3&#8243; _builder_version=&#8220;4.22.1&#8243; _module_preset=&#8220;default&#8220; global_colors_info=&#8220;{}&#8220;][dsm_card title=&#8220;Conscious Kink&#8220; image=&#8220;https:\/\/princesszuleika.de\/wp-content\/uploads\/2023\/08\/AirBrush_20230729175533.jpg&#8220; badge_padding=&#8220;7px|11px|7px|15px|false|false&#8220; button_text=&#8220;Session buchen&#8220; button_url=&#8220;http:\/\/www.princesszuleika.de\/kontakt&#8220; button_url_new_window=&#8220;1&#8243; _builder_version=&#8220;4.22.1&#8243; _module_preset=&#8220;default&#8220; header_text_color=&#8220;#FFFFFF&#8220; header_font_size=&#8220;25px&#8220; header_line_height=&#8220;1.4em&#8220; body_text_color=&#8220;#999999&#8243; body_font_size=&#8220;16px&#8220; background_color=&#8220;#000000&#8243; custom_padding=&#8220;0px|||||&#8220; border_width_all=&#8220;1px&#8220; border_radii_badge=&#8220;on|0px|0px|0px|0px&#8220; global_colors_info=&#8220;{}&#8220;]<\/p>\n<p>Die bewusste Auseinandersetzung mit den Facetten der Sexualit\u00e4t!<br \/>Gemeinsames Erforschen. Authentisch, achtsam, pr\u00e4sent. Schattenarbeit.<\/p>\n<p>[\/dsm_card][\/et_pb_column][\/et_pb_row][et_pb_row column_structure=&#8220;1_2,1_2&#8243; use_custom_gutter=&#8220;on&#8220; gutter_width=&#8220;2&#8243; _builder_version=&#8220;4.16&#8243; _module_preset=&#8220;default&#8220; global_colors_info=&#8220;{}&#8220;][et_pb_column type=&#8220;1_2&#8243; _builder_version=&#8220;4.16&#8243; _module_preset=&#8220;default&#8220; background_color=&#8220;#000000&#8243; global_colors_info=&#8220;{}&#8220;][et_pb_cta title=&#8220;Just For Fans&#8220; button_url=&#8220;https:\/\/onlyfans.com\/zuleikaprincess&#8220; url_new_window=&#8220;on&#8220; button_text=&#8220;Jetzt folgen&#8220; _builder_version=&#8220;4.27.5&#8243; _module_preset=&#8220;default&#8220; header_text_align=&#8220;left&#8220; body_text_align=&#8220;left&#8220; body_text_color=&#8220;#999999&#8243; body_font_size=&#8220;16px&#8220; body_line_height=&#8220;1.9em&#8220; background_color=&#8220;#000000&#8243; custom_button=&#8220;on&#8220; button_alignment=&#8220;left&#8220; custom_padding=&#8220;40px|||||&#8220; link_option_url_new_window=&#8220;on&#8220; button_bg_color_last_edited=&#8220;off|phone&#8220; border_width_all=&#8220;1px&#8220; global_colors_info=&#8220;{}&#8220; button_bg_color__hover_enabled=&#8220;on|desktop&#8220; button_bg_color__hover=&#8220;RGBA(0,0,0,0)&#8220; button_bg_enable_color__hover=&#8220;on&#8220;]<\/p>\n<p>Supporte mich und erhasche Einblicke in meine kinky Welt!<\/p>\n<p>[\/et_pb_cta][\/et_pb_column][et_pb_column type=&#8220;1_2&#8243; _builder_version=&#8220;4.16&#8243; _module_preset=&#8220;default&#8220; background_color=&#8220;#000000&#8243; global_colors_info=&#8220;{}&#8220;][et_pb_cta title=&#8220;NEWSLETTER&#8220; button_url=&#8220;https:\/\/princesszuleika.de\/newsletter\/#ppsShowPopUp_102&#8243; button_text=&#8220;Jetzt anmelden&#8220; _builder_version=&#8220;4.27.5&#8243; _module_preset=&#8220;default&#8220; header_text_align=&#8220;left&#8220; body_text_align=&#8220;left&#8220; body_text_color=&#8220;#999999&#8243; body_font_size=&#8220;16px&#8220; body_line_height=&#8220;1.9em&#8220; background_color=&#8220;#000000&#8243; custom_button=&#8220;on&#8220; button_alignment=&#8220;left&#8220; border_width_all=&#8220;1px&#8220; global_colors_info=&#8220;{}&#8220; button_bg_color__hover=&#8220;RGBA(0,0,0,0)&#8220; button_bg_color__hover_enabled=&#8220;on|desktop&#8220;]<\/p>\n<p>Anmelden und wichtige Neuigkeiten nicht verpassen!<\/p>\n<p>[\/et_pb_cta][\/et_pb_column][\/et_pb_row][et_pb_row column_structure=&#8220;1_3,1_3,1_3&#8243; _builder_version=&#8220;4.27.5&#8243; _module_preset=&#8220;default&#8220; global_colors_info=&#8220;{}&#8220;][et_pb_column type=&#8220;1_3&#8243; _builder_version=&#8220;4.27.5&#8243; _module_preset=&#8220;default&#8220; global_colors_info=&#8220;{}&#8220;][et_pb_blurb _builder_version=&#8220;4.27.5&#8243; _module_preset=&#8220;default&#8220; global_colors_info=&#8220;{}&#8220;]<\/p>\n<p><a href=\"https:\/\/openadultdirectory.com\/bdsm\/\" target=\"_blank\" rel=\"noopener\"><\/a><\/p>\n<p>[\/et_pb_blurb][\/et_pb_column][et_pb_column type=&#8220;1_3&#8243; _builder_version=&#8220;4.27.5&#8243; _module_preset=&#8220;default&#8220; global_colors_info=&#8220;{}&#8220;][et_pb_blurb _builder_version=&#8220;4.27.5&#8243; _module_preset=&#8220;default&#8220; global_colors_info=&#8220;{}&#8220;]<\/p>\n<p style=\"text-align: center;\"><a href=\"https:\/\/openadultdirectory.com\/bdsm\/\" target=\"_blank\" rel=\"noopener\"><strong><span style=\"color: #cc99ff;\">Part of OpenAdultDirectory<\/span><\/strong><\/a><\/p>\n<p>[\/et_pb_blurb][\/et_pb_column][et_pb_column type=&#8220;1_3&#8243; _builder_version=&#8220;4.27.5&#8243; _module_preset=&#8220;default&#8220; global_colors_info=&#8220;{}&#8220;][et_pb_blurb _builder_version=&#8220;4.27.5&#8243; _module_preset=&#8220;default&#8220; global_colors_info=&#8220;{}&#8220;]<\/p>\n<p><a href=\"https:\/\/openadultdirectory.com\/bdsm\/\" target=\"_blank\" rel=\"noopener\"><\/a><\/p>\n<p>[\/et_pb_blurb][\/et_pb_column][\/et_pb_row][\/et_pb_section]<\/p>\n","protected":false},"excerpt":{"rendered":"<p>BODYWORK Bewusst Grenzen ausloten.Homebases: Z\u00dcRICH \/ MANNHEIMBEGEGNUNGEN Sinnlichkeit erleben.Erforschen. F\u00fchlen. Sein.SEXUALBEGLEITUNG Auf Augenh\u00f6re, bed\u00fcrfnisorientiertund selbstbestimmt.\u00a0 Willkommen in meiner Welt voller sinnlicher Erlebnisse, achtsamer Ber\u00fchrung, verspielter Dominanz, Vertrauen und Hingabe! Mein Space ist offen f\u00fcr alle Geschlechter, sexuelle Orientierungen, Neurodiversit\u00e4t und Menschen mit und ohne Behinderung. &nbsp; \u00a0<div class=\"et_pb_with_border et_pb_module dsm_card dsm_card_0 et_pb_bg_layout_light  dsm_card_layout_stacked\">\n\t\t\t\t\n\t\t\t\t\n\t\t\t\t\n\t\t\t\t\n\t\t\t\t\n\t\t\t\t\n\t\t\t\t<div class=\"et_pb_module_inner\">\n\t\t\t\t\t\n\t\t\t\n\t\t\t<figure class=\"dsm_card_image_wrapper dsm_card_badge_top_right\"><div class=\"dsm_card_image_background dsm_card_img\"><\/div><\/figure>\n\t\t\t<div class=\"et_pb_module dsm_card_wrapper et_pb_text_align_left\">\n\t\t\t\t\t\n\t\t\t\t\t<h4 class=\"dsm_card_title et_pb_module_header\">BEGINNER<\/h4>\n\t\t\t\t\t\n\t\t\t\t\t<div class=\"dsm_card_description\">Are you curious and interested in sexuality or BDSM, but haven't had any real experience yet? Take advantage of my offer for beginners!<\/div>\n\t\t\t\t\t<div class=\"et_pb_button_wrapper\"><a class=\"et_pb_button et_pb_more_button\" href=\"\">Learn more<\/a><\/div>\n\t\t\t\t<\/div>\n\t\t\t\n\t\t\t\t<\/div>\n\t\t\t<\/div><div class=\"et_pb_with_border et_pb_module dsm_card dsm_card_1 et_pb_bg_layout_light  dsm_card_layout_stacked\">\n\t\t\t\t\n\t\t\t\t\n\t\t\t\t\n\t\t\t\t\n\t\t\t\t\n\t\t\t\t\n\t\t\t\t<div class=\"et_pb_module_inner\">\n\t\t\t\t\t\n\t\t\t\n\t\t\t<figure class=\"dsm_card_image_wrapper dsm_card_badge_top_right\"><div class=\"dsm_card_image_background dsm_card_img\"><\/div><\/figure>\n\t\t\t<div class=\"et_pb_module dsm_card_wrapper et_pb_text_align_left\">\n\t\t\t\t\t\n\t\t\t\t\t<h4 class=\"dsm_card_title et_pb_module_header\">COUPLES \/ WOMEN<\/h4>\n\t\t\t\t\t\n\t\t\t\t\t<div class=\"dsm_card_description\">Couples of all constellations are welcome, for coaching or sessions.\nWomen, trans people, and people of all genders are equally welcome.<\/div>\n\t\t\t\t\t<div class=\"et_pb_button_wrapper\"><a class=\"et_pb_button et_pb_more_button\" href=\"https:\/\/princesszuleika.de\/en\/about\/\" target=\"_blank\">Learn more<\/a><\/div>\n\t\t\t\t<\/div>\n\t\t\t\n\t\t\t\t<\/div>\n\t\t\t<\/div><div class=\"et_pb_with_border et_pb_module dsm_card dsm_card_2 et_pb_bg_layout_light  dsm_card_layout_stacked\">\n\t\t\t\t\n\t\t\t\t\n\t\t\t\t\n\t\t\t\t\n\t\t\t\t\n\t\t\t\t\n\t\t\t\t<div class=\"et_pb_module_inner\">\n\t\t\t\t\t\n\t\t\t\n\t\t\t<figure class=\"dsm_card_image_wrapper dsm_card_badge_top_right\"><div class=\"dsm_card_image_background dsm_card_img\"><\/div><\/figure>\n\t\t\t<div class=\"et_pb_module dsm_card_wrapper et_pb_text_align_left\">\n\t\t\t\t\t\n\t\t\t\t\t<h4 class=\"dsm_card_title et_pb_module_header\">Begleitete Sexualit\u00e4t<\/h4>\n\t\t\t\t\t\n\t\t\t\t\t<div class=\"dsm_card_description\">F\u00fcr Menschen mit Behinderungen, Erkrankungen, im hohen Alter oder mit mentalen Themen. Bed\u00fcrfnisorientiert,selbstbestimmt und traumasensibel.<\/div>\n\t\t\t\t\t<div class=\"et_pb_button_wrapper\"><a class=\"et_pb_button et_pb_more_button\" href=\"\">Learn more<\/a><\/div>\n\t\t\t\t<\/div>\n\t\t\t\n\t\t\t\t<\/div>\n\t\t\t<\/div><div class=\"et_pb_with_border et_pb_module dsm_card dsm_card_3 et_clickable et_pb_bg_layout_light  dsm_card_layout_stacked\">\n\t\t\t\t\n\t\t\t\t\n\t\t\t\t\n\t\t\t\t\n\t\t\t\t\n\t\t\t\t\n\t\t\t\t<div class=\"et_pb_module_inner\">\n\t\t\t\t\t\n\t\t\t\n\t\t\t<figure class=\"dsm_card_image_wrapper dsm_card_badge_top_right\"><div class=\"dsm_card_image_background dsm_card_img\"><\/div><\/figure>\n\t\t\t<div class=\"et_pb_module dsm_card_wrapper et_pb_text_align_left\">\n\t\t\t\t\t\n\t\t\t\t\t<h4 class=\"dsm_card_title et_pb_module_header\">BDSM<\/h4>\n\t\t\t\t\t\n\t\t\t\t\t<div class=\"dsm_card_description translation-block\">Passion. Pain. Pleasure. Experiencing limits. Feeling the power. Bizarre settings. The fine line between pain and pleasure.<\/div>\n\t\t\t\t\t<div class=\"et_pb_button_wrapper\"><a class=\"et_pb_button et_pb_more_button\" href=\"http:\/\/princesszuleika.de\/en\/kontakt\/\" target=\"_blank\">Contact<\/a><\/div>\n\t\t\t\t<\/div>\n\t\t\t\n\t\t\t\t<\/div>\n\t\t\t<\/div><div class=\"et_pb_module dsm_card dsm_card_4 et_pb_bg_layout_light  dsm_card_layout_stacked\">\n\t\t\t\t\n\t\t\t\t\n\t\t\t\t\n\t\t\t\t\n\t\t\t\t\n\t\t\t\t\n\t\t\t\t<div class=\"et_pb_module_inner\">\n\t\t\t\t\t\n\t\t\t\n\t\t\t<figure class=\"dsm_card_image_wrapper dsm_card_badge_top_right\"><div class=\"dsm_card_image_background dsm_card_img\"><\/div><\/figure>\n\t\t\t<div class=\"et_pb_module dsm_card_wrapper et_pb_text_align_left\">\n\t\t\t\t\t\n\t\t\t\t\t<h4 class=\"dsm_card_title et_pb_module_header\">&#8220;BODYWORK&#8220;<\/h4>\n\t\t\t\t\t\n\t\t\t\t\t\n\t\t\t\t\t<div class=\"et_pb_button_wrapper\"><a class=\"et_pb_button et_pb_more_button\" href=\"\">&#8220;Session<\/a><\/div>\n\t\t\t\t<\/div>\n\t\t\t\n\t\t\t\t<\/div>\n\t\t\t<\/div><\/p>","protected":false},"author":5,"featured_media":0,"parent":0,"menu_order":0,"comment_status":"open","ping_status":"open","template":"","meta":{"_et_pb_use_builder":"on","_et_pb_old_content":"","_et_gb_content_width":"","footnotes":""},"class_list":["post-11","page","type-page","status-publish","hentry"],"_links":{"self":[{"href":"http:\/\/princesszuleika.de\/en\/wp-json\/wp\/v2\/pages\/11","targetHints":{"allow":["GET"]}}],"collection":[{"href":"http:\/\/princesszuleika.de\/en\/wp-json\/wp\/v2\/pages"}],"about":[{"href":"http:\/\/princesszuleika.de\/en\/wp-json\/wp\/v2\/types\/page"}],"author":[{"embeddable":true,"href":"http:\/\/princesszuleika.de\/en\/wp-json\/wp\/v2\/users\/5"}],"replies":[{"embeddable":true,"href":"http:\/\/princesszuleika.de\/en\/wp-json\/wp\/v2\/comments?post=11"}],"version-history":[{"count":58,"href":"http:\/\/princesszuleika.de\/en\/wp-json\/wp\/v2\/pages\/11\/revisions"}],"predecessor-version":[{"id":9283,"href":"http:\/\/princesszuleika.de\/en\/wp-json\/wp\/v2\/pages\/11\/revisions\/9283"}],"wp:attachment":[{"href":"http:\/\/princesszuleika.de\/en\/wp-json\/wp\/v2\/media?parent=11"}],"curies":[{"name":"wp","href":"https:\/\/api.w.org\/{rel}","templated":true}]}}