{"id":358,"date":"2016-01-24T01:28:56","date_gmt":"2016-01-24T00:28:56","guid":{"rendered":"https:\/\/princesszuleika.de\/?page_id=358"},"modified":"2026-04-06T17:49:01","modified_gmt":"2026-04-06T15:49:01","slug":"links","status":"publish","type":"page","link":"https:\/\/princesszuleika.de\/en\/links\/","title":{"rendered":"Links"},"content":{"rendered":"<p>[et_pb_section fb_built=&#8220;1&#8243; _builder_version=&#8220;4.16&#8243; _module_preset=&#8220;default&#8220; background_color=&#8220;#000000&#8243; custom_padding=&#8220;0px||7px||false|false&#8220; global_colors_info=&#8220;{}&#8220;][et_pb_row _builder_version=&#8220;4.16&#8243; _module_preset=&#8220;default&#8220; custom_margin=&#8220;0px||||false|false&#8220; custom_padding=&#8220;0px||||false|false&#8220; global_colors_info=&#8220;{}&#8220;][et_pb_column type=&#8220;4_4&#8243; _builder_version=&#8220;4.16&#8243; _module_preset=&#8220;default&#8220; global_colors_info=&#8220;{}&#8220;][et_pb_text _builder_version=&#8220;4.16&#8243; _dynamic_attributes=&#8220;content&#8220; _module_preset=&#8220;default&#8220; header_font=&#8220;|700|||||||&#8220; header_text_align=&#8220;center&#8220; header_text_color=&#8220;#FFFFFF&#8220; header_font_size=&#8220;36px&#8220; global_colors_info=&#8220;{}&#8220;]@ET-DC@eyJkeW5hbWljIjp0cnVlLCJjb250ZW50IjoicG9zdF90aXRsZSIsInNldHRpbmdzIjp7ImJlZm9yZSI6IjxoMT4iLCJhZnRlciI6IjwvaDE+In19@[\/et_pb_text][\/et_pb_column][\/et_pb_row][\/et_pb_section][et_pb_section fb_built=&#8220;1&#8243; _builder_version=&#8220;4.16&#8243; _module_preset=&#8220;default&#8220; background_color=&#8220;#000000&#8243; use_background_color_gradient=&#8220;on&#8220; background_color_gradient_stops=&#8220;rgba(0,0,0,0.25) 0%|rgba(255,255,255,0.06) 100%&#8220; background_color_gradient_overlays_image=&#8220;on&#8220; background_color_gradient_start=&#8220;rgba(0,0,0,0.25)&#8220; background_color_gradient_end=&#8220;rgba(255,255,255,0.06)&#8220; background_image=&#8220;https:\/\/princesszuleika.de\/wp-content\/uploads\/2018\/04\/background_bodyfull.jpg&#8220; background_size=&#8220;initial&#8220; background_position=&#8220;top_center&#8220; background_repeat=&#8220;repeat-x&#8220; locked=&#8220;off&#8220; global_colors_info=&#8220;{}&#8220;][et_pb_row _builder_version=&#8220;4.16&#8243; _module_preset=&#8220;default&#8220; global_colors_info=&#8220;{}&#8220;][et_pb_column type=&#8220;4_4&#8243; _builder_version=&#8220;4.16&#8243; _module_preset=&#8220;default&#8220; global_colors_info=&#8220;{}&#8220;][et_pb_accordion open_toggle_text_color=&#8220;#FFFFFF&#8220; open_toggle_background_color=&#8220;#000000&#8243; closed_toggle_background_color=&#8220;#000000&#8243; _builder_version=&#8220;4.27.6&#8243; _module_preset=&#8220;default&#8220; toggle_font_size=&#8220;20px&#8220; body_text_color=&#8220;#999999&#8243; custom_margin=&#8220;||||false|false&#8220; hover_enabled=&#8220;0&#8243; border_color_all=&#8220;#333333&#8243; global_colors_info=&#8220;{}&#8220; sticky_enabled=&#8220;0&#8243;][et_pb_accordion_item title=&#8220;Friends \/ PORTALE \/ BACK LINKS&#8220; open=&#8220;on&#8220; _builder_version=&#8220;4.27.6&#8243; _module_preset=&#8220;default&#8220; hover_enabled=&#8220;0&#8243; global_colors_info=&#8220;{}&#8220; sticky_enabled=&#8220;0&#8243;]<\/p>\n<div class=\"acc_content\">\n<p><a href=\"https:\/\/www.chronomatic.net\/\" target=\"_blank\" rel=\"noopener\">Chronomatic \u2013 Luxury Latex Wear (hat meine Ma\u00dfe und fertigt gern Geschenke f\u00fcr mich an)<\/a><\/p>\n<p>Ansprechpartner f\u00fcr Gesundheit (kostenlose STI \/ HIV-Tests in jeder Stadt m\u00f6glich)<br \/><a href=\"https:\/\/gesundheitsaemter.info\">Gesundheits\u00e4mter in Deutschland<\/a><\/p>\n<p><b>Z\u00fcrich<br \/><\/b><a href=\"https:\/\/www.cpzh.ch\/\" target=\"_blank\" rel=\"noopener\">Checkpoint Z\u00fcrich (STI Tests und Beratung m\u00f6glich!)<\/a><b><\/b><\/p>\n<p><a href=\"https:\/\/test-in.ch\/\" target=\"_blank\" rel=\"noopener\" title=\"TEST-IN Schweiz (STI Tests)\">https:\/\/test-in.ch\/<\/a><b><br \/><\/b><\/p>\n<p><b>PROSTSCHG Infos<\/b><br \/><a href=\"https:\/\/www.prostituiertenschutzgesetz.info\/\" target=\"_blank\" rel=\"noopener\">https:\/\/www.prostituiertenschutzgesetz.info<\/a><\/p>\n<p><a href=\"https:\/\/berufsverband-sexarbeit.de\/\" target=\"_blank\" rel=\"noopener\">Berufsverband erotische und sexuelle Dienstleistungen e.V.<\/a><\/p>\n<p>Backlinks<\/p>\n<p><a href=\"https:\/\/www.domina.ws\/\" target=\"_blank\" rel=\"noopener\">DOMINA.WS<\/a><\/p>\n<p><a href=\"https:\/\/openadultdirectory.com\">https:\/\/openadultdirectory.com<\/a><\/p>\n<p><a href=\"https:\/\/www.galeriedesade.com\" target=\"_blank\" rel=\"noopener\">https:\/\/www.galeriedesade.com\/<\/a><\/p>\n<\/div>\n<p>[\/et_pb_accordion_item][et_pb_accordion_item title=&#8220;MEIN BANNER&#8220; _builder_version=&#8220;4.23.4&#8243; _module_preset=&#8220;default&#8220; global_colors_info=&#8220;{}&#8220; open=&#8220;off&#8220;]<\/p>\n<div class=\"acc_head\">\n<div class=\"acc_head\">\n<div class=\"acc_head\"><a href=\"https:\/\/princesszuleika.de\/\" target=\"_blank\" rel=\"noopener\"><img loading=\"lazy\" decoding=\"async\" src=\"https:\/\/princesszuleika.de\/wp-content\/uploads\/2016\/06\/zuleika-banner.gif\" alt=\"Princess Zuleika - Let's get kinky!\" border=\"0\" width=\"468\" height=\"80\" \/><\/a><\/div>\n<div class=\"acc_content\">\n<p><a href=\"https:\/\/princesszuleika.de\/\" target=\"_blank\" rel=\"noopener\">Princess Zuleika \u2013 Let\u2019s get kinky!<\/a><\/p>\n<\/div>\n<\/div>\n<\/div>\n<p>[\/et_pb_accordion_item][\/et_pb_accordion][\/et_pb_column][\/et_pb_row][\/et_pb_section]<\/p>\n","protected":false},"excerpt":{"rendered":"<p>Chronomatic \u2013 Luxury Latex Wear (hat meine Ma\u00dfe und fertigt gern Geschenke f\u00fcr mich an) Ansprechpartner f\u00fcr Gesundheit (kostenlose STI \/ HIV-Tests in jeder Stadt m\u00f6glich)Gesundheits\u00e4mter in Deutschland Z\u00fcrichCheckpoint Z\u00fcrich (STI Tests und Beratung m\u00f6glich!) https:\/\/test-in.ch\/ PROSTSCHG Infoshttps:\/\/www.prostituiertenschutzgesetz.info Berufsverband erotische und sexuelle Dienstleistungen e.V. Backlinks DOMINA.WS https:\/\/openadultdirectory.com https:\/\/www.galeriedesade.com\/ Princess Zuleika \u2013 Let\u2019s get kinky!<\/p>","protected":false},"author":5,"featured_media":0,"parent":0,"menu_order":0,"comment_status":"closed","ping_status":"closed","template":"","meta":{"_et_pb_use_builder":"on","_et_pb_old_content":"","_et_gb_content_width":"","footnotes":""},"class_list":["post-358","page","type-page","status-publish","hentry"],"_links":{"self":[{"href":"https:\/\/princesszuleika.de\/en\/wp-json\/wp\/v2\/pages\/358","targetHints":{"allow":["GET"]}}],"collection":[{"href":"https:\/\/princesszuleika.de\/en\/wp-json\/wp\/v2\/pages"}],"about":[{"href":"https:\/\/princesszuleika.de\/en\/wp-json\/wp\/v2\/types\/page"}],"author":[{"embeddable":true,"href":"https:\/\/princesszuleika.de\/en\/wp-json\/wp\/v2\/users\/5"}],"replies":[{"embeddable":true,"href":"https:\/\/princesszuleika.de\/en\/wp-json\/wp\/v2\/comments?post=358"}],"version-history":[{"count":7,"href":"https:\/\/princesszuleika.de\/en\/wp-json\/wp\/v2\/pages\/358\/revisions"}],"predecessor-version":[{"id":9212,"href":"https:\/\/princesszuleika.de\/en\/wp-json\/wp\/v2\/pages\/358\/revisions\/9212"}],"wp:attachment":[{"href":"https:\/\/princesszuleika.de\/en\/wp-json\/wp\/v2\/media?parent=358"}],"curies":[{"name":"wp","href":"https:\/\/api.w.org\/{rel}","templated":true}]}}