{"id":383,"date":"2016-01-25T21:22:46","date_gmt":"2016-01-25T20:22:46","guid":{"rendered":"https:\/\/princesszuleika.de\/?page_id=383"},"modified":"2026-01-30T04:14:32","modified_gmt":"2026-01-30T03:14:32","slug":"wishlist","status":"publish","type":"page","link":"https:\/\/princesszuleika.de\/en\/wishlist\/","title":{"rendered":"Wishlist"},"content":{"rendered":"<p>[et_pb_section fb_built=&#8220;1&#8243; _builder_version=&#8220;4.16&#8243; _module_preset=&#8220;default&#8220; background_color=&#8220;#000000&#8243; custom_padding=&#8220;0px||7px||false|false&#8220; global_colors_info=&#8220;{}&#8220;][et_pb_row _builder_version=&#8220;4.16&#8243; _module_preset=&#8220;default&#8220; custom_margin=&#8220;0px||||false|false&#8220; custom_padding=&#8220;0px||||false|false&#8220; global_colors_info=&#8220;{}&#8220;][et_pb_column type=&#8220;4_4&#8243; _builder_version=&#8220;4.16&#8243; _module_preset=&#8220;default&#8220; global_colors_info=&#8220;{}&#8220;][et_pb_text _builder_version=&#8220;4.16&#8243; _dynamic_attributes=&#8220;content&#8220; _module_preset=&#8220;default&#8220; header_font=&#8220;|700|||||||&#8220; header_text_align=&#8220;center&#8220; header_text_color=&#8220;#FFFFFF&#8220; header_font_size=&#8220;36px&#8220; global_colors_info=&#8220;{}&#8220;]@ET-DC@eyJkeW5hbWljIjp0cnVlLCJjb250ZW50IjoicG9zdF90aXRsZSIsInNldHRpbmdzIjp7ImJlZm9yZSI6IjxoMT4iLCJhZnRlciI6IjwvaDE+In19@[\/et_pb_text][\/et_pb_column][\/et_pb_row][\/et_pb_section][et_pb_section fb_built=&#8220;1&#8243; _builder_version=&#8220;4.16&#8243; _module_preset=&#8220;default&#8220; background_color=&#8220;#000000&#8243; use_background_color_gradient=&#8220;on&#8220; background_color_gradient_stops=&#8220;rgba(0,0,0,0.25) 0%|rgba(255,255,255,0.06) 100%&#8220; background_color_gradient_overlays_image=&#8220;on&#8220; background_color_gradient_start=&#8220;rgba(0,0,0,0.25)&#8220; background_color_gradient_end=&#8220;rgba(255,255,255,0.06)&#8220; background_image=&#8220;https:\/\/princesszuleika.de\/wp-content\/uploads\/2018\/04\/background_bodyfull.jpg&#8220; background_size=&#8220;initial&#8220; background_position=&#8220;top_center&#8220; background_repeat=&#8220;repeat-x&#8220; locked=&#8220;off&#8220; global_colors_info=&#8220;{}&#8220;][et_pb_row column_structure=&#8220;1_2,1_2&#8243; use_custom_gutter=&#8220;on&#8220; gutter_width=&#8220;2&#8243; module_class=&#8220;zuleika-about-acc-de&#8220; _builder_version=&#8220;4.16&#8243; _module_preset=&#8220;default&#8220; global_colors_info=&#8220;{}&#8220;][et_pb_column type=&#8220;1_2&#8243; _builder_version=&#8220;4.16&#8243; _module_preset=&#8220;default&#8220; global_colors_info=&#8220;{}&#8220;][et_pb_image src=&#8220;https:\/\/princesszuleika.de\/wp-content\/uploads\/2024\/04\/DSC08006-scaled.jpg&#8220; title_text=&#8220;DSC08006&#8243; _builder_version=&#8220;4.25.1&#8243; _module_preset=&#8220;default&#8220; global_colors_info=&#8220;{}&#8220;][\/et_pb_image][\/et_pb_column][et_pb_column type=&#8220;1_2&#8243; _builder_version=&#8220;4.16&#8243; _module_preset=&#8220;default&#8220; global_colors_info=&#8220;{}&#8220;][et_pb_accordion open_toggle_text_color=&#8220;#FFFFFF&#8220; open_toggle_background_color=&#8220;#000000&#8243; closed_toggle_background_color=&#8220;#000000&#8243; _builder_version=&#8220;4.27.5&#8243; _module_preset=&#8220;default&#8220; toggle_font_size=&#8220;20px&#8220; body_text_color=&#8220;#999999&#8243; custom_margin=&#8220;||||false|false&#8220; hover_enabled=&#8220;0&#8243; border_color_all=&#8220;#333333&#8243; global_colors_info=&#8220;{}&#8220; sticky_enabled=&#8220;0&#8243;][et_pb_accordion_item title=&#8220;DIE KLEINEN AUFMERKSAMKEITEN ZWISCHENDURCH&#8220; open=&#8220;on&#8220; _builder_version=&#8220;4.27.5&#8243; _module_preset=&#8220;default&#8220; hover_enabled=&#8220;0&#8243; global_colors_info=&#8220;{}&#8220; sticky_enabled=&#8220;0&#8243;]<\/p>\n<div class=\"acc_head\">\n<p>Womit du mir vor Sessions oder einfach so ein L\u00e4cheln ins Gesicht zaubern kannst:<br \/>&#8211; Essen f\u00fcr die Sessionpause: vegane Kekse, gesunde Snacks, vegetarisches Sushi (im Zweifel: nachfragen)<br \/>&#8211; Getr\u00e4nke: Kr\u00e4utertee, Fentmanns Rose Limonade, Chinotto, (alkoholfreies) Radler<br \/>&#8211; Trinkgeld im separaten Umschlag<br \/><span>&#8211; <\/span><a href=\"https:\/\/www.paypal.me\/dawinastarling\/100\">PayPal<\/a> oder TWINT (0041 767358283) \u00fcber das ich frei verf\u00fcgen kann<span><br \/><a href=\"https:\/\/throne.com\/princesszuleika\" target=\"_blank\" rel=\"noopener\">&#8211; auf Throne<\/a> und <a href=\"https:\/\/www.amazon.de\/gp\/registry\/wishlist\/3631YRR16UAB0\/ref=cm_wl_list_o_2?\" target=\"_blank\" rel=\"noopener\">Amazon<\/a> findest du weitere Kleinigkeiten<br \/><\/span><span>&#8211; <a href=\"https:\/\/aura-kosmetik.ch\/product\/geschenkgutschein-chf-150\/\" target=\"_blank\" rel=\"noopener\">Kosmetik Gutschein<\/a>, <a href=\"https:\/\/www.dm.de\/services\/services-im-markt\/geschenkkarten#online-einkaufen\">DM-Gutscheine<\/a>\u00a0<\/span><\/p>\n<p><span style=\"font-size: 14px;\"><\/span>Mein Geburtstag ist der 14. Oktober!<br \/>Aber Freude machen sollte man seiner liebsten Lady das ganze Jahr \u00fcber \ud83d\ude42<\/p>\n<\/div>\n<p>[\/et_pb_accordion_item][\/et_pb_accordion][\/et_pb_column][\/et_pb_row][et_pb_row column_structure=&#8220;1_2,1_2&#8243; use_custom_gutter=&#8220;on&#8220; gutter_width=&#8220;2&#8243; module_class=&#8220;zuleika-about-acc-en&#8220; _builder_version=&#8220;4.16&#8243; _module_preset=&#8220;default&#8220; global_colors_info=&#8220;{}&#8220;][et_pb_column type=&#8220;1_2&#8243; _builder_version=&#8220;4.16&#8243; _module_preset=&#8220;default&#8220; global_colors_info=&#8220;{}&#8220;][et_pb_image src=&#8220;https:\/\/princesszuleika.de\/wp-content\/uploads\/2024\/04\/DSC08006-scaled.jpg&#8220; title_text=&#8220;DSC08006&#8243; _builder_version=&#8220;4.25.1&#8243; _module_preset=&#8220;default&#8220; global_colors_info=&#8220;{}&#8220;][\/et_pb_image][\/et_pb_column][et_pb_column type=&#8220;1_2&#8243; _builder_version=&#8220;4.16&#8243; _module_preset=&#8220;default&#8220; global_colors_info=&#8220;{}&#8220;][et_pb_accordion open_toggle_text_color=&#8220;#FFFFFF&#8220; open_toggle_background_color=&#8220;#000000&#8243; closed_toggle_background_color=&#8220;#000000&#8243; _builder_version=&#8220;4.25.1&#8243; _module_preset=&#8220;default&#8220; toggle_font_size=&#8220;20px&#8220; body_text_color=&#8220;#999999&#8243; custom_margin=&#8220;||||false|false&#8220; border_color_all=&#8220;#333333&#8243; global_colors_info=&#8220;{}&#8220;][et_pb_accordion_item title=&#8220;PRINCESS` LITTLE PLEASURES&#8220; open=&#8220;on&#8220; _builder_version=&#8220;4.25.1&#8243; _module_preset=&#8220;default&#8220; global_colors_info=&#8220;{}&#8220;]<\/p>\n<div class=\"acc_head\">\n<div class=\"acc_head\">\n<div class=\"acc_head\"><span data-offset-key=\"41po3-419-0\"> <\/span><span data-offset-key=\"41po3-420-0\">I<\/span><span data-offset-key=\"41po3-421-0\">&#8218;m<\/span><span data-offset-key=\"41po3-422-0\"> often<\/span><span data-offset-key=\"41po3-423-0\"> asked<\/span><span data-offset-key=\"41po3-424-0\"> what<\/span><span data-offset-key=\"41po3-425-0\"> would<\/span><span data-offset-key=\"41po3-426-0\"> make<\/span><span data-offset-key=\"41po3-427-0\"> me<\/span><span data-offset-key=\"41po3-428-0\"> happy<\/span><span data-offset-key=\"41po3-429-0\">.<\/span><span data-offset-key=\"41po3-430-0\"> Respect<\/span><span data-offset-key=\"41po3-431-0\"> and<\/span><span data-offset-key=\"41po3-432-0\"> consideration<\/span><span data-offset-key=\"41po3-433-0\"> come<\/span><span data-offset-key=\"41po3-434-0\"> first<\/span><span data-offset-key=\"41po3-435-0\"> and<\/span><span data-offset-key=\"41po3-436-0\"> foremost<\/span><span data-offset-key=\"41po3-437-0\">.<\/span><\/div>\n<div class=\"acc_head\"><span data-offset-key=\"41po3-439-0\"> <\/span><span data-offset-key=\"41po3-440-0\">Other<\/span><span data-offset-key=\"41po3-441-0\"> things<\/span><span data-offset-key=\"41po3-442-0\"> that<\/span><span data-offset-key=\"41po3-443-0\"> you<\/span><span data-offset-key=\"41po3-444-0\"> can<\/span><span data-offset-key=\"41po3-445-0\"> never<\/span><span data-offset-key=\"41po3-446-0\"> go<\/span><span data-offset-key=\"41po3-447-0\"> wrong<\/span><span data-offset-key=\"41po3-448-0\"> with<\/span><span data-offset-key=\"41po3-449-0\">:<\/span><span data-offset-key=\"41po3-450-0\"> <\/span><\/div>\n<div class=\"acc_head\"><span data-offset-key=\"41po3-451-0\">&#8211;<\/span><span data-offset-key=\"41po3-452-0\"> vegan<\/span><span data-offset-key=\"41po3-453-0\"> cookies<\/span><span data-offset-key=\"41po3-454-0\">\/<\/span><span data-offset-key=\"41po3-455-0\">sn<\/span><span data-offset-key=\"41po3-456-0\">acks<\/span><span data-offset-key=\"41po3-457-0\"> for<\/span><span data-offset-key=\"41po3-458-0\"> session<\/span><span data-offset-key=\"41po3-459-0\"> breaks<\/span><span data-offset-key=\"41po3-460-0\"> <\/span><\/div>\n<div class=\"acc_head\"><span data-offset-key=\"41po3-461-0\">&#8211;<\/span><span data-offset-key=\"41po3-462-0\"> <\/span><span data-offset-key=\"41po3-464-0\">herbal<\/span><span data-offset-key=\"41po3-465-0\"> te<\/span><span data-offset-key=\"41po3-466-0\">as<\/span><span data-offset-key=\"41po3-467-0\">,<\/span><span data-offset-key=\"41po3-468-0\"> ginger<\/span><span data-offset-key=\"41po3-469-0\"> beer<\/span><span data-offset-key=\"41po3-470-0\">,<\/span><span data-offset-key=\"41po3-471-0\"> rad<\/span><span data-offset-key=\"41po3-472-0\">lers<\/span><span data-offset-key=\"41po3-473-0\"> (<\/span><span data-offset-key=\"41po3-477-0\">alcohol<\/span><span data-offset-key=\"41po3-478-0\">&#8211;<\/span><span data-offset-key=\"41po3-479-0\">free<\/span><span data-offset-key=\"41po3-480-0\">)<\/span><\/div>\n<div class=\"acc_head\">&#8211; vouchers for equipment, wellness or online shops (ask me first)<\/div>\n<div class=\"acc_head\"><span data-offset-key=\"41po3-526-0\">&#8211;<\/span><span data-offset-key=\"41po3-527-0\"> <a href=\"https:\/\/www.paypal.me\/dawinastarling\/25\">PayPal<\/a><\/span><span data-offset-key=\"41po3-528-0\"> credit<\/span><span data-offset-key=\"41po3-529-0\"> or<\/span><span data-offset-key=\"41po3-530-0\"> Tw<\/span><span data-offset-key=\"41po3-531-0\">int<\/span><span data-offset-key=\"41po3-532-0\">,<\/span><span data-offset-key=\"41po3-533-0\"> which<\/span><span data-offset-key=\"41po3-534-0\"> I<\/span><span data-offset-key=\"41po3-535-0\"> can<\/span><span data-offset-key=\"41po3-536-0\"> use<\/span><span data-offset-key=\"41po3-537-0\"> freely<\/span><span data-offset-key=\"41po3-538-0\"> <\/span><span data-offset-key=\"41po3-539-0\"><\/span><span data-offset-key=\"41po3-543-0\"><\/span><\/div>\n<div class=\"acc_head\"><span data-offset-key=\"41po3-545-0\"><\/span><\/div>\n<div class=\"acc_head\"><span data-offset-key=\"41po3-545-0\"> <\/span><span data-offset-key=\"41po3-546-0\">Of<\/span><span data-offset-key=\"41po3-547-0\"> course<\/span><span data-offset-key=\"41po3-548-0\"> I<\/span><span data-offset-key=\"41po3-549-0\"> also<\/span><span data-offset-key=\"41po3-550-0\"> have<\/span><span data-offset-key=\"41po3-551-0\"> an <a href=\"https:\/\/www.amazon.de\/gp\/registry\/wishlist\/3631YRR16UAB0\/ref=cm_wl_list_o_2?\" target=\"_blank\" rel=\"noopener\">Amazon Wishlist<\/a><\/span><span data-offset-key=\"41po3-555-0\">\u00a0and<\/span><a href=\"https:\/\/www.wishtender.com\/princesszuleika\"><span data-offset-key=\"41po3-556-0\"> <\/span><\/a><a href=\"https:\/\/throne.com\/princesszuleika\" target=\"_blank\" rel=\"noopener\"><span data-offset-key=\"41po3-556-0\">Throne<\/span><\/a><span data-offset-key=\"41po3-561-0\"> with<\/span><span data-offset-key=\"41po3-562-0\"> all<\/span><span data-offset-key=\"41po3-563-0\"> kinds<\/span><span data-offset-key=\"41po3-564-0\"> of<\/span><span data-offset-key=\"41po3-565-0\"> small<\/span><span data-offset-key=\"41po3-566-0\"> and<\/span><span data-offset-key=\"41po3-567-0\"> big<\/span><span data-offset-key=\"41po3-568-0\"> pleasures<\/span><span data-offset-key=\"41po3-569-0\"> and<\/span><span data-offset-key=\"41po3-570-0\"> favorite<\/span><span data-offset-key=\"41po3-571-0\"> products<\/span><span data-offset-key=\"41po3-572-0\">.<\/span><span data-offset-key=\"41po3-573-0\"> <\/span><\/div>\n<div class=\"acc_head\"><span data-offset-key=\"41po3-627-0\"><\/span><\/div>\n<div class=\"acc_head\"><span data-offset-key=\"41po3-627-0\"> <\/span><span data-offset-key=\"41po3-628-0\">My<\/span><span data-offset-key=\"41po3-629-0\"> birthday<\/span><span data-offset-key=\"41po3-630-0\"> is<\/span><span data-offset-key=\"41po3-631-0\"> October<\/span><span data-offset-key=\"41po3-632-0\"> 14<\/span><span data-offset-key=\"41po3-633-0\">th<\/span><span data-offset-key=\"41po3-634-0\">.<\/span><\/div>\n<\/div>\n<\/div>\n<p>[\/et_pb_accordion_item][\/et_pb_accordion][\/et_pb_column][\/et_pb_row][\/et_pb_section]<\/p>\n","protected":false},"excerpt":{"rendered":"<p>Womit du mir vor Sessions oder einfach so ein L\u00e4cheln ins Gesicht zaubern kannst:- Essen f\u00fcr die Sessionpause: vegane Kekse, gesunde Snacks, vegetarisches Sushi (im Zweifel: nachfragen)- Getr\u00e4nke: Kr\u00e4utertee, Fentmanns Rose Limonade, Chinotto, (alkoholfreies) Radler- Trinkgeld im separaten Umschlag- PayPal oder TWINT (0041 767358283) \u00fcber das ich frei verf\u00fcgen kann- auf Throne und Amazon findest du weitere Kleinigkeiten- Kosmetik Gutschein, DM-Gutscheine\u00a0 Mein Geburtstag ist der 14. Oktober!Aber Freude machen sollte man seiner liebsten Lady das ganze Jahr \u00fcber \ud83d\ude42 I&#8217;m often asked what would make me happy. Respect and consideration come first and foremost. Other things that you can never go wrong with: &#8211; vegan cookies\/snacks for session breaks &#8211; herbal teas, ginger beer, radlers (alcohol-free) &#8211; vouchers for equipment, wellness or online shops (ask me first) &#8211; PayPal credit or Twint, which I can use freely Of course I also have an Amazon Wishlist\u00a0and Throne with all kinds of small and big pleasures and favorite products. My birthday is October 14th.<\/p>","protected":false},"author":5,"featured_media":0,"parent":0,"menu_order":0,"comment_status":"closed","ping_status":"closed","template":"","meta":{"_et_pb_use_builder":"on","_et_pb_old_content":"","_et_gb_content_width":"","footnotes":""},"class_list":["post-383","page","type-page","status-publish","hentry"],"_links":{"self":[{"href":"https:\/\/princesszuleika.de\/en\/wp-json\/wp\/v2\/pages\/383","targetHints":{"allow":["GET"]}}],"collection":[{"href":"https:\/\/princesszuleika.de\/en\/wp-json\/wp\/v2\/pages"}],"about":[{"href":"https:\/\/princesszuleika.de\/en\/wp-json\/wp\/v2\/types\/page"}],"author":[{"embeddable":true,"href":"https:\/\/princesszuleika.de\/en\/wp-json\/wp\/v2\/users\/5"}],"replies":[{"embeddable":true,"href":"https:\/\/princesszuleika.de\/en\/wp-json\/wp\/v2\/comments?post=383"}],"version-history":[{"count":30,"href":"https:\/\/princesszuleika.de\/en\/wp-json\/wp\/v2\/pages\/383\/revisions"}],"predecessor-version":[{"id":9113,"href":"https:\/\/princesszuleika.de\/en\/wp-json\/wp\/v2\/pages\/383\/revisions\/9113"}],"wp:attachment":[{"href":"https:\/\/princesszuleika.de\/en\/wp-json\/wp\/v2\/media?parent=383"}],"curies":[{"name":"wp","href":"https:\/\/api.w.org\/{rel}","templated":true}]}}