{"id":434,"date":"2016-01-29T02:40:05","date_gmt":"2016-01-29T01:40:05","guid":{"rendered":"https:\/\/princesszuleika.de\/?page_id=434"},"modified":"2026-01-10T00:29:34","modified_gmt":"2026-01-09T23:29:34","slug":"philosophie","status":"publish","type":"page","link":"https:\/\/princesszuleika.de\/en\/about\/philosophie\/","title":{"rendered":"Philosophy and passion"},"content":{"rendered":"<p>[et_pb_section fb_built=&#8220;1&#8243; _builder_version=&#8220;4.16&#8243; _module_preset=&#8220;default&#8220; background_color=&#8220;#000000&#8243; custom_padding=&#8220;0px||7px||false|false&#8220; global_colors_info=&#8220;{}&#8220;][et_pb_row _builder_version=&#8220;4.16&#8243; _module_preset=&#8220;default&#8220; custom_margin=&#8220;0px||||false|false&#8220; custom_padding=&#8220;0px||||false|false&#8220; global_colors_info=&#8220;{}&#8220;][et_pb_column type=&#8220;4_4&#8243; _builder_version=&#8220;4.16&#8243; _module_preset=&#8220;default&#8220; global_colors_info=&#8220;{}&#8220;][et_pb_text _builder_version=&#8220;4.16&#8243; _dynamic_attributes=&#8220;content&#8220; _module_preset=&#8220;default&#8220; header_font=&#8220;|700|||||||&#8220; header_text_align=&#8220;center&#8220; header_text_color=&#8220;#FFFFFF&#8220; header_font_size=&#8220;36px&#8220; global_colors_info=&#8220;{}&#8220;]@ET-DC@eyJkeW5hbWljIjp0cnVlLCJjb250ZW50IjoicG9zdF90aXRsZSIsInNldHRpbmdzIjp7ImJlZm9yZSI6IjxoMT4iLCJhZnRlciI6IjwvaDE+In19@[\/et_pb_text][\/et_pb_column][\/et_pb_row][\/et_pb_section][et_pb_section fb_built=&#8220;1&#8243; _builder_version=&#8220;4.16&#8243; _module_preset=&#8220;default&#8220; background_color=&#8220;#000000&#8243; use_background_color_gradient=&#8220;on&#8220; background_color_gradient_stops=&#8220;rgba(0,0,0,0.25) 0%|rgba(255,255,255,0.06) 100%&#8220; background_color_gradient_overlays_image=&#8220;on&#8220; background_color_gradient_start=&#8220;rgba(0,0,0,0.25)&#8220; background_color_gradient_end=&#8220;rgba(255,255,255,0.06)&#8220; background_image=&#8220;https:\/\/princesszuleika.de\/wp-content\/uploads\/2018\/04\/background_bodyfull.jpg&#8220; background_size=&#8220;initial&#8220; background_position=&#8220;top_center&#8220; background_repeat=&#8220;repeat-x&#8220; locked=&#8220;off&#8220; global_colors_info=&#8220;{}&#8220;][et_pb_row column_structure=&#8220;1_3,1_3,1_3&#8243; use_custom_gutter=&#8220;on&#8220; gutter_width=&#8220;2&#8243; _builder_version=&#8220;4.24.2&#8243; _module_preset=&#8220;default&#8220; global_colors_info=&#8220;{}&#8220;][et_pb_column type=&#8220;1_3&#8243; _builder_version=&#8220;4.16&#8243; _module_preset=&#8220;default&#8220; global_colors_info=&#8220;{}&#8220;][et_pb_image src=&#8220;https:\/\/princesszuleika.de\/wp-content\/uploads\/2024\/06\/DSC07600-scaled.jpg&#8220; title_text=&#8220;DSC07600&#8243; _builder_version=&#8220;4.27.4&#8243; _module_preset=&#8220;default&#8220; global_colors_info=&#8220;{}&#8220;][\/et_pb_image][\/et_pb_column][et_pb_column type=&#8220;1_3&#8243; _builder_version=&#8220;4.16&#8243; _module_preset=&#8220;default&#8220; global_colors_info=&#8220;{}&#8220;][et_pb_image src=&#8220;https:\/\/princesszuleika.de\/wp-content\/uploads\/2024\/06\/X3004686-Bearbeitet.jpg&#8220; title_text=&#8220;X3004686-Bearbeitet&#8220; _builder_version=&#8220;4.25.2&#8243; _module_preset=&#8220;default&#8220; global_colors_info=&#8220;{}&#8220;][\/et_pb_image][\/et_pb_column][et_pb_column type=&#8220;1_3&#8243; _builder_version=&#8220;4.16&#8243; _module_preset=&#8220;default&#8220; global_colors_info=&#8220;{}&#8220;][et_pb_image src=&#8220;https:\/\/princesszuleika.de\/wp-content\/uploads\/2026\/01\/airbrush_20260109201228.webp&#8220; title_text=&#8220;AirBrush_20260109201228&#8243; _builder_version=&#8220;4.27.5&#8243; _module_preset=&#8220;default&#8220; hover_enabled=&#8220;0&#8243; global_colors_info=&#8220;{}&#8220; sticky_enabled=&#8220;0&#8243;][\/et_pb_image][\/et_pb_column][\/et_pb_row][et_pb_row module_class=&#8220;zuleika-about-acc-de&#8220; _builder_version=&#8220;4.16&#8243; _module_preset=&#8220;default&#8220; global_colors_info=&#8220;{}&#8220;][et_pb_column type=&#8220;4_4&#8243; _builder_version=&#8220;4.16&#8243; _module_preset=&#8220;default&#8220; global_colors_info=&#8220;{}&#8220;][et_pb_accordion open_toggle_text_color=&#8220;#FFFFFF&#8220; open_toggle_background_color=&#8220;#000000&#8243; closed_toggle_background_color=&#8220;#000000&#8243; _builder_version=&#8220;4.27.4&#8243; _module_preset=&#8220;default&#8220; toggle_font_size=&#8220;20px&#8220; body_text_color=&#8220;#999999&#8243; custom_margin=&#8220;||||false|false&#8220; border_color_all=&#8220;#333333&#8243; global_colors_info=&#8220;{}&#8220;][et_pb_accordion_item title=&#8220;Open heart, kinky mind!&#8220; open=&#8220;on&#8220; _builder_version=&#8220;4.27.4&#8243; _module_preset=&#8220;default&#8220; global_colors_info=&#8220;{}&#8220;]<\/p>\n<div class=\"et_pb_toggle_content clearfix\">\n<p>Ich bin Bizarrlady, Femdom, K\u00fcnstlerin, Diva, Gespielin, Kinkster, Rebellin\u2026<br \/>Ich bin alles, was ich sein will!<\/p>\n<p>Mir ist kaum etwas wichtiger als meine Autonomie. Fern ab von g\u00e4ngigen Klischees agiere ich auf einer pers\u00f6nlichen Ebene und mag es ungezwungen, verspielt, oft auch etwas gemein. Alles was ich tue, tue ich aus \u00dcberzeugung und mit Leidenschaft. Ich bin die Prinzessin und du Gast in meinem Reich, in dem meine Regeln herrschen.<\/p>\n<p>Oftmals untersch\u00e4tzt, bin ich doch eine so unschuldige Erscheinung, die dir auf Augenh\u00f6he begegnet und gleichzeitig tiefgr\u00fcndig und versaut mit einem verhei\u00dfungsvollen Grinsen im Gesicht. Eine Prinzessin voller Selbstironie, mit sarkastischem Unterton, oft mit sadistischer Schadenfreude bei der Sache. Deine kinky Freundin von nebenan, f\u00fcr die du pl\u00f6tzlich bereit bist, alles zu tun, weil du ihr nicht widerstehen kannst!<\/p>\n<p>Wer sich auf mich einl\u00e4sst, wird schnell merken, wie ich ticke und meine Nat\u00fcrlichkeit, meinen Intellekt und meine F\u00e4higkeit, jmd auch ohne gek\u00fcnstelten Befehlston zu zeigen, wer in der Begegnung die Oberhand hat, zu sch\u00e4tzen wissen. Ich mag es, dich subtil und behutsam, aber konsequent an deine Grenzen zu f\u00fchren, dich zu meinem Entertainment zu nutzen oder mit sanft dominanter Hand deine Pers\u00f6nlichkeitsentwicklung voranzutreiben.<\/p>\n<p><strong>Mein Space ist offen f\u00fcr alle Geschlechter, sexuelle Orientierungen, Behinderung, Neurodiversit\u00e4t. Ich arbeite bed\u00fcrfnisorientiert, wenn n\u00f6tig traumasensibel und nach dem Konsensprinzip.<br \/><\/strong><\/p>\n<p>Neben meiner Vorliebe f\u00fcr klassischen BDSM und Femdom begleite ich dich gern mit achtsamer K\u00f6rperarbeit und Fokus auf sinnliche Erfahrung auf deinem Weg zu dir selbst. Ich freue mich \u00fcber Menschen, die sich nach Ber\u00fchrung sehnen und mir offen, respektvoll und neugierig begegnen.<br \/>Ob eher unsichere M\u00e4nner, die Orientierung suchen, Frauen mit dem Mut zu neuen Erfahrungen oder Menschen, die Geschlechterrollen hinterfragen und neu entdecken m\u00f6chten, wir gestalten gemeinsam, wohin unser Weg f\u00fchrt und wie unsere Dynamik aussehen darf.<\/p>\n<\/div>\n<p>[\/et_pb_accordion_item][et_pb_accordion_item title=&#8220;PHILOSOPHIE &#038; LEIDENSCHAFT: WAS TREIBT MICH AN?&#8220; _builder_version=&#8220;4.27.4&#8243; _module_preset=&#8220;default&#8220; global_colors_info=&#8220;{}&#8220; open=&#8220;off&#8220;]<\/p>\n<div class=\"acc_head\">\n<p>REBELLISCH &amp; AUTHENTISCH<\/p>\n<p>Meine Pers\u00f6nlichkeit zeichnet sich durch verschiedene Facetten aus: Ich bin offen und aufgeschlossen, sehr sozialkritisch und freiheitsliebend, teilweise etwas kompromisslos. Ich halte nicht viel von konservativen gesellschaftlichen Konventionen und (Doppel)Moralvorstellungen. Meine Sprache und mein Tun sind immer klar, deutlich und ohne Floskeln. Meist voller Tatendrang, manchmal melancholisch, manchmal am\u00fcsiert und oft am Kopfsch\u00fctteln und voller Erstaunen \u00fcber die Seltsamkeiten der Welt.<\/p>\n<p>Meine Werte zeigen sich auch in meinem beruflichen Tun: Ich folge einer progressiven Herangehensweise, einem starken moralischen Kompass und beleuchte strukturelle Probleme generell, aber vor allem auch in der Sexarbeit kritisch. Es ist mir ein Anliegen, zu sensibilisieren und aufzukl\u00e4ren, statt festgefahrene Klischees und problematische Narrative zu wiederholen.<\/p>\n<p>BDSM und Kink sind f\u00fcr mich Lifestyle, Beruf, Vertrauen, Hingabe, aber auch die Konfrontation mit dunkelsten Abgr\u00fcnden, inneren K\u00e4mpfen und das Aufleben lassen tief in uns verwurzelter Archetypen. Wer das Bedienen von Domina-Klischees, die er aus den Massenmedien kennt, sucht, ist bei mir falsch.<\/p>\n<p>ACHTSAMER BDSM, BEWUSSTER KINK &amp; BODYWORK<\/p>\n<p>Kink ist ein Weg, Bed\u00fcrfnisse ungefiltert auszudr\u00fccken und auszuleben. BDSM-Praktiken sind f\u00fcr mich Werkzeuge, um mit meinem Gegen\u00fcber in Resonanz zu gehen und zu wachsen.<\/p>\n<p>Was mich reizt? Die Vielseitigkeit, die \u00c4sthetik, das Au\u00dfergew\u00f6hnliche. Das F\u00fchlen, das Versinken, das Sein. Das Aufl\u00f6sen von selbst gesetzten Grenzen. Das Entdecken neuer Horizonte und der Mut, sich auf etwas einzulassen. Die St\u00e4rke und das (Selbst-)Vertrauen, die aus einer Session hervorgehen k\u00f6nnen.<\/p>\n<p>Ich habe meine Liebe zu Extremen, meinen Spieltrieb und Spa\u00df an Ber\u00fchrung zum Beruf gemacht und gebe dir die Chance, gemeinsam mit mir in diese bizarre Welt mit so vielen M\u00f6glichkeiten und Lernr\u00e4umen einzutauchen. Eine Session kann so viel mehr sein, als nur das stumpfe \u201cAbarbeiten von Vorlieben\u201d.<\/p>\n<p>EMPOWERMENT &amp; KOMMUNIKATION<\/p>\n<p>Ich habe studiert, Weiterbildungen gemacht, in verschiedenen Bereichen mit Menschen gearbeitet und \u00fcberall fiel mir auf, wie unzufrieden Menschen sind, wie beschr\u00e4nkt ihr Weltbild ist, wie sehr sich viele nach Befreiung sehnen und einfach nicht rauskommen aus ihrem Trott. Wie sehr Doppelmoral und Heuchelei ihren Alltag bestimmen. Gef\u00fchle werden unterdr\u00fcckt und man stellt sich selbst zur\u00fcck, um das zu tun, was andere von einem verlangen.<\/p>\n<p>Es wird philosophiert \u00fcber Offenheit, Sexualit\u00e4t und Beziehungen und zu jedem Thema gibt es hundert Ratgeber, das Internet ist voll mit schlauen Blogs. Online-Portale und Podcasts boomen. Es wird gefolgt, getweetet, geliked und pseudoweise Spr\u00fcche werden f\u00fcr gut befunden.<\/p>\n<p>All dies, w\u00e4hrend man zuhause sitzt in seinem immer wiederkehrenden Muster mit den immer wiederkehrenden Fragen und der Erkenntnis, dass sich eigentlich nichts \u00e4ndert. Dinge, die man sich w\u00fcnscht, erscheinen unerreichbar.<\/p>\n<p>Aber nur solange man nicht aufsteht und anf\u00e4ngt!<br \/>Mit was?<br \/>Erstmal egal.<br \/>Hauptsache man f\u00e4ngt an.<\/p>\n<p><b>\u201eJede Impression ohne Expression bedeutet Depression.\u201c<\/b><\/p>\n<p>Ich sehe die Selbstentfaltung als eine der wichtigsten Komponenten zum pers\u00f6nlichen Gl\u00fcck. Ich m\u00f6chte Kommunikation und Selbstreflexion f\u00f6rdern und liebe die intensive Besch\u00e4ftigung mit dem, was sich in deinem Kopf abspielt, wie es sich auf deinen K\u00f6rper auswirkt und umgekehrt. Manchmal braucht es nicht mehr als eine Ber\u00fchrung, damit der Kopf endlich aufh\u00f6rt zu rattern. Ich will, dass alles um dich herum nichtig wird und du dich dem Moment hingeben kannst. Ein entspannter und ersch\u00f6pfter Ausdruck auf deinem Gesicht nach einer Session mit mir erfreut mich.<\/p>\n<p>Ich zeige dir, dass du von mal zu mal \u00fcber dich hinauswachsen kannst und dass das, was mit Scham und Unsicherheit begann, in Stolz und St\u00e4rke \u00fcbergehen wird, wenn du dich darauf einl\u00e4sst.<\/p>\n<p>Ich unterst\u00fctze dich auch dabei, das Erlebte in deinen oder euren Alltag und euer Beziehungsleben zu integrieren, denn ich bin \u00fcberzeugt davon, dass Sexualit\u00e4t und Kink nicht im Verborgenen oder in irgendeiner Schmuddelecke stattfinden m\u00fcssen. Es ist an der Zeit, dass wir lernen, in unseren Beziehungen ehrlich, transparent und offen zu kommunizieren. Deshalb arbeite ich auch gern mit Paaren oder anderen Beziehungskonstellationen, oder gestalte Sessions bewusst so, dass du Impulse und Werkzeuge bekommst, um deine W\u00fcnsche auch im privaten Rahmen authentisch zu leben.<\/p>\n<\/div>\n<p>[\/et_pb_accordion_item][\/et_pb_accordion][\/et_pb_column][\/et_pb_row][et_pb_row module_class=&#8220;zuleika-about-acc-en&#8220; _builder_version=&#8220;4.16&#8243; _module_preset=&#8220;default&#8220; global_colors_info=&#8220;{}&#8220;][et_pb_column type=&#8220;4_4&#8243; _builder_version=&#8220;4.16&#8243; _module_preset=&#8220;default&#8220; global_colors_info=&#8220;{}&#8220;][et_pb_accordion open_toggle_text_color=&#8220;#FFFFFF&#8220; open_toggle_background_color=&#8220;#000000&#8243; closed_toggle_background_color=&#8220;#000000&#8243; _builder_version=&#8220;4.24.2&#8243; _module_preset=&#8220;default&#8220; toggle_font_size=&#8220;20px&#8220; body_text_color=&#8220;#999999&#8243; custom_margin=&#8220;||||false|false&#8220; border_color_all=&#8220;#333333&#8243; global_colors_info=&#8220;{}&#8220;][et_pb_accordion_item title=&#8220;PHILOSOPHY &#038; PASSION&#8220; open=&#8220;on&#8220; _builder_version=&#8220;4.24.2&#8243; _module_preset=&#8220;default&#8220; global_colors_info=&#8220;{}&#8220;]<\/p>\n<div class=\"acc_head\">\n<p>I`m open-minded, socio-critical and sometimes a little uncompromising and undiplomatic. I\u2019m a Freaky Princess, a Latex-Girly, a Bizarrlady and sometimes I\u2019m just a Diva.<br \/>And I really like it<span>\u00a0<\/span><br \/>I`m a dreamer and a fighter. I want to find my personal way to inner peace and freedom. My kinky lifestyle gives me the chance to find complete expression.<\/p>\n<p>I do not believe in societal conventions, societal taboos and narrow-minded human beings. I am the cheeky princess, the latex girly and sometimes I am just a bad diva and I love it! I am fully convinced of everything I do and I do it passionately.<\/p>\n<p>Why I am so attracted to be part of unconventional desires, fantasies and practices?<\/p>\n<p>Of course I won\u2019t be bored as I got plenty of opportunities to express myself in a bizarre and aesthetic world full of unconventional things. Every single day, I have the chance to discover new kinky stuff that appeal to all my senses. In addition to that I am happy to invite you in this bizarre world and encourage you to satisfy your desires with me.<\/p>\n<p>\u201cAny impression without expression means depression\u201d<\/p>\n<p>Human beings are often forced to repress their feelings and sacrifice their desires to meet the expectations of their fellows. As a consequence your desires seem unobtainable. However, my aim is to unleash your desires and to ensure that you are pleased and relaxed after our session.<\/p>\n<p>Personally, I am convinced that every impression requires expression and that unrestricted self expression is the road to happiness. Everybody should have the chance to fulfill oneself in order to achieve freedom and happiness.<\/p>\n<p>I would like to facilitate communication and self\u2013reflection and I love being concerned intensively with your thoughts and how your mind affects your body and the other way round. Sometimes a gentle touch will be sufficient to release your burdensome thoughts and to clear your head. It is my deepest wish that you forget all your sorrows so that you allow yourself to be controlled completely by the moment and your desires. I would be glad to see you relaxed and satisfied after we have had an intense session together.<\/p>\n<\/div>\n<div class=\"acc_content\"><\/div>\n<p>[\/et_pb_accordion_item][\/et_pb_accordion][\/et_pb_column][\/et_pb_row][\/et_pb_section]<\/p>\n","protected":false},"excerpt":{"rendered":"<p>Ich bin Bizarrlady, Femdom, K\u00fcnstlerin, Diva, Gespielin, Kinkster, Rebellin\u2026Ich bin alles, was ich sein will! Mir ist kaum etwas wichtiger als meine Autonomie. Fern ab von g\u00e4ngigen Klischees agiere ich auf einer pers\u00f6nlichen Ebene und mag es ungezwungen, verspielt, oft auch etwas gemein. Alles was ich tue, tue ich aus \u00dcberzeugung und mit Leidenschaft. Ich bin die Prinzessin und du Gast in meinem Reich, in dem meine Regeln herrschen. Oftmals untersch\u00e4tzt, bin ich doch eine so unschuldige Erscheinung, die dir auf Augenh\u00f6he begegnet und gleichzeitig tiefgr\u00fcndig und versaut mit einem verhei\u00dfungsvollen Grinsen im Gesicht. Eine Prinzessin voller Selbstironie, mit sarkastischem Unterton, oft mit sadistischer Schadenfreude bei der Sache. Deine kinky Freundin von nebenan, f\u00fcr die du pl\u00f6tzlich bereit bist, alles zu tun, weil du ihr nicht widerstehen kannst! Wer sich auf mich einl\u00e4sst, wird schnell merken, wie ich ticke und meine Nat\u00fcrlichkeit, meinen Intellekt und meine F\u00e4higkeit, jmd auch ohne gek\u00fcnstelten Befehlston zu zeigen, wer in der Begegnung die Oberhand hat, zu sch\u00e4tzen wissen. Ich mag es, dich subtil und behutsam, aber konsequent an deine Grenzen zu f\u00fchren, dich zu meinem Entertainment zu nutzen oder mit sanft dominanter Hand deine Pers\u00f6nlichkeitsentwicklung voranzutreiben. Mein Space ist offen f\u00fcr alle Geschlechter, sexuelle [&hellip;]<\/p>\n","protected":false},"author":5,"featured_media":0,"parent":35,"menu_order":0,"comment_status":"closed","ping_status":"closed","template":"","meta":{"_et_pb_use_builder":"on","_et_pb_old_content":"","_et_gb_content_width":"","footnotes":""},"class_list":["post-434","page","type-page","status-publish","hentry"],"_links":{"self":[{"href":"https:\/\/princesszuleika.de\/en\/wp-json\/wp\/v2\/pages\/434","targetHints":{"allow":["GET"]}}],"collection":[{"href":"https:\/\/princesszuleika.de\/en\/wp-json\/wp\/v2\/pages"}],"about":[{"href":"https:\/\/princesszuleika.de\/en\/wp-json\/wp\/v2\/types\/page"}],"author":[{"embeddable":true,"href":"https:\/\/princesszuleika.de\/en\/wp-json\/wp\/v2\/users\/5"}],"replies":[{"embeddable":true,"href":"https:\/\/princesszuleika.de\/en\/wp-json\/wp\/v2\/comments?post=434"}],"version-history":[{"count":26,"href":"https:\/\/princesszuleika.de\/en\/wp-json\/wp\/v2\/pages\/434\/revisions"}],"predecessor-version":[{"id":9193,"href":"https:\/\/princesszuleika.de\/en\/wp-json\/wp\/v2\/pages\/434\/revisions\/9193"}],"up":[{"embeddable":true,"href":"https:\/\/princesszuleika.de\/en\/wp-json\/wp\/v2\/pages\/35"}],"wp:attachment":[{"href":"https:\/\/princesszuleika.de\/en\/wp-json\/wp\/v2\/media?parent=434"}],"curies":[{"name":"wp","href":"https:\/\/api.w.org\/{rel}","templated":true}]}}