{"id":666,"date":"2016-05-23T17:52:15","date_gmt":"2016-05-23T15:52:15","guid":{"rendered":"https:\/\/princesszuleika.de\/?page_id=666"},"modified":"2026-02-04T01:26:33","modified_gmt":"2026-02-04T00:26:33","slug":"termine","status":"publish","type":"page","link":"https:\/\/princesszuleika.de\/en\/termine\/","title":{"rendered":"Appointments"},"content":{"rendered":"<p>[et_pb_section fb_built=&#8220;1&#8243; _builder_version=&#8220;4.16&#8243; _module_preset=&#8220;default&#8220; background_color=&#8220;#000000&#8243; custom_padding=&#8220;0px||7px||false|false&#8220; global_colors_info=&#8220;{}&#8220;][et_pb_row _builder_version=&#8220;4.16&#8243; _module_preset=&#8220;default&#8220; custom_margin=&#8220;0px||||false|false&#8220; custom_padding=&#8220;0px||||false|false&#8220; global_colors_info=&#8220;{}&#8220;][et_pb_column type=&#8220;4_4&#8243; _builder_version=&#8220;4.16&#8243; _module_preset=&#8220;default&#8220; global_colors_info=&#8220;{}&#8220;][et_pb_text _builder_version=&#8220;4.16&#8243; _dynamic_attributes=&#8220;content&#8220; _module_preset=&#8220;default&#8220; header_font=&#8220;|700|||||||&#8220; header_text_align=&#8220;center&#8220; header_text_color=&#8220;#FFFFFF&#8220; header_font_size=&#8220;36px&#8220; global_colors_info=&#8220;{}&#8220;]@ET-DC@eyJkeW5hbWljIjp0cnVlLCJjb250ZW50IjoicG9zdF90aXRsZSIsInNldHRpbmdzIjp7ImJlZm9yZSI6IjxoMT4iLCJhZnRlciI6IjwvaDE+In19@[\/et_pb_text][\/et_pb_column][\/et_pb_row][\/et_pb_section][et_pb_section fb_built=&#8220;1&#8243; _builder_version=&#8220;4.16&#8243; _module_preset=&#8220;default&#8220; background_color=&#8220;#000000&#8243; use_background_color_gradient=&#8220;on&#8220; background_color_gradient_stops=&#8220;rgba(0,0,0,0.25) 0%|rgba(255,255,255,0.06) 100%&#8220; background_color_gradient_overlays_image=&#8220;on&#8220; background_color_gradient_start=&#8220;rgba(0,0,0,0.25)&#8220; background_color_gradient_end=&#8220;rgba(255,255,255,0.06)&#8220; background_image=&#8220;https:\/\/princesszuleika.de\/wp-content\/uploads\/2018\/04\/background_bodyfull.jpg&#8220; background_size=&#8220;initial&#8220; background_position=&#8220;top_center&#8220; background_repeat=&#8220;repeat-x&#8220; locked=&#8220;off&#8220; global_colors_info=&#8220;{}&#8220;][et_pb_row _builder_version=&#8220;4.16&#8243; _module_preset=&#8220;default&#8220; global_colors_info=&#8220;{}&#8220;][et_pb_column type=&#8220;4_4&#8243; _builder_version=&#8220;4.16&#8243; _module_preset=&#8220;default&#8220; global_colors_info=&#8220;{}&#8220;][et_pb_text _builder_version=&#8220;4.16&#8243; _module_preset=&#8220;default&#8220; header_4_font=&#8220;|700|||||||&#8220; header_4_text_color=&#8220;#FFFFFF&#8220; header_4_font_size=&#8220;22px&#8220; global_colors_info=&#8220;{}&#8220;]<\/p>\n<h4><span>INFOS F\u00dcR BUCHUNGEN<\/span><\/h4>\n<p>[\/et_pb_text][et_pb_text _builder_version=&#8220;4.27.5&#8243; _module_preset=&#8220;default&#8220; text_text_color=&#8220;#999999&#8243; background_color=&#8220;#000000&#8243; custom_padding=&#8220;30px|30px|30px|30px|true|true&#8220; hover_enabled=&#8220;0&#8243; border_width_all=&#8220;1px&#8220; global_colors_info=&#8220;{}&#8220; sticky_enabled=&#8220;0&#8243;]<\/p>\n<p><strong><span style=\"text-decoration: underline;\">ANFRAGE<\/span><\/strong><br \/>Ich erwarte eine fr\u00fchzeitige schriftliche Anfrage mit den relevanten Infos, wie unter<span>\u00a0<\/span><a href=\"https:\/\/princesszuleika.de\/kontakt\">Kontakt<\/a><span> <\/span>beschrieben.<br \/>Ich biete keine Sessions vor 11h an. Spontantermine sind meist nicht m\u00f6glich.<br \/><span style=\"text-decoration: underline;\"><\/span><\/p>\n<p>Begegnungen finden vorrangig in <strong>Z\u00fcrich<\/strong> oder <strong>Mannheim<\/strong> statt. Andere St\u00e4dte auf Anfrage mit \u00dcbernahme der Reisekosten.<br \/>Es sind Termine in top ausgestatteten SM-R\u00e4umen, bizarre Haus- und Hotelbesuche oder Spiel in einem Club\/Event m\u00f6glich und bieten sich je nach Art der Session und Bed\u00fcrfnissen an. Mindestbudget und fr\u00fchzeitige Anfrage vorausgesetzt.<br \/>Sende mir deine Wunschdaten im Voraus, dann kann ich sie bei meinen Planungen und Reisebuchungen ber\u00fccksichtigen.<strong><span style=\"text-decoration: underline;\"><\/span><\/strong><\/p>\n<p>Der Kalender dient zur groben Orientierung, im <a href=\"https:\/\/princesszuleika.de\/aktuellfreietermine\/\" target=\"_blank\" rel=\"noopener\">Blog<\/a> ver\u00f6ffentliche ich manchmal bevorzugte Zeitfenster. Im Zweifel bitte eine Mail senden!<\/p>\n<p>[\/et_pb_text][\/et_pb_column][\/et_pb_row][et_pb_row _builder_version=&#8220;4.16&#8243; _module_preset=&#8220;default&#8220; global_colors_info=&#8220;{}&#8220;][et_pb_column type=&#8220;4_4&#8243; _builder_version=&#8220;4.16&#8243; _module_preset=&#8220;default&#8220; global_colors_info=&#8220;{}&#8220;][et_pb_code _builder_version=&#8220;4.27.4&#8243; _module_preset=&#8220;default&#8220; global_colors_info=&#8220;{}&#8220;]\t\t<div class=\"wpfc-calendar-wrapper\"><form class=\"wpfc-calendar\" id=\"wpfc-calendar-13607\"><\/form><div class=\"wpfc-loading\"><\/div><\/div>\r\n\t\t<div class=\"wpfc-calendar-search\" style=\"display:none;\">\r\n\t\t\t<select  name='event-categories' id='event-categories' class='wpfc-taxonomy event-categories'>\n\t<option value='0' selected='selected'>All Veranstaltung Categories<\/option>\n<option class=\"level-0\" value=\"289\">#c928bc - Z\u00fcrich<\/option><option class=\"level-0\" value=\"290\">#e52d5e - belegt<\/option><option class=\"level-0\" value=\"292\">#ff6a00 - Mannheim<\/option><option class=\"level-0\" value=\"294\">#bf0072 - Geburtstag<\/option><option class=\"level-0\" value=\"296\">#e57200 - unterwegs<\/option><option class=\"level-0\" value=\"431\">#a8d144 - N\u00fcrnberg<\/option><\/select>\n\t\t<\/div>\r\n\t\t<script type=\"text\/javascript\">\r\n\t\t\tWPFC.data = {\r\n\t\t\t\taction : 'WP_FullCalendar',\r\n\t\t\t\t'type' : 'event','month' : 3,'year' : 2026,\t\t\t };\r\n\t\t\tWPFC.month = 3;\r\n\t\t\tWPFC.year = 2026;\r\n\t\t<\/script>\r\n\t\t[\/et_pb_code][\/et_pb_column][\/et_pb_row][\/et_pb_section]<\/p>\n","protected":false},"excerpt":{"rendered":"<p>INFOS F\u00dcR BUCHUNGENANFRAGEIch erwarte eine fr\u00fchzeitige schriftliche Anfrage mit den relevanten Infos, wie unter\u00a0Kontakt beschrieben.Ich biete keine Sessions vor 11h an. Spontantermine sind meist nicht m\u00f6glich. Begegnungen finden vorrangig in Z\u00fcrich oder Mannheim statt. Andere St\u00e4dte auf Anfrage mit \u00dcbernahme der Reisekosten.Es sind Termine in top ausgestatteten SM-R\u00e4umen, bizarre Haus- und Hotelbesuche oder Spiel in einem Club\/Event m\u00f6glich und bieten sich je nach Art der Session und Bed\u00fcrfnissen an. Mindestbudget und fr\u00fchzeitige Anfrage vorausgesetzt.Sende mir deine Wunschdaten im Voraus, dann kann ich sie bei meinen Planungen und Reisebuchungen ber\u00fccksichtigen. Der Kalender dient zur groben Orientierung, im Blog ver\u00f6ffentliche ich manchmal bevorzugte Zeitfenster. Im Zweifel bitte eine Mail senden!\t\t<div class=\"wpfc-calendar-wrapper\"><form class=\"wpfc-calendar\" id=\"wpfc-calendar-43442\" action=\"\"><input type=\"hidden\" name=\"trp-form-language\" value=\"en\"\/><\/form><div class=\"wpfc-loading\"><\/div><\/div>\r\n\t\t<div class=\"wpfc-calendar-search\" style=\"display:none;\">\r\n\t\t\t<select  name='event-categories' id='event-categories' class='wpfc-taxonomy event-categories'>\n\t<option value='0' selected='selected'>All Veranstaltung Categories<\/option>\n<option class=\"level-0\" value=\"289\">#c928bc - Z\u00fcrich<\/option><option class=\"level-0\" value=\"290\">#e52d5e - belegt<\/option><option class=\"level-0\" value=\"292\">#ff6a00 - Mannheim<\/option><option class=\"level-0\" value=\"294\">#bf0072 - Geburtstag<\/option><option class=\"level-0\" value=\"296\">#e57200 - unterwegs<\/option><option class=\"level-0\" value=\"431\">#a8d144 - N\u00fcrnberg<\/option><\/select>\n\t\t<\/div>\r\n\t\t<script type=\"text\/javascript\">\r\n\t\t\tWPFC.data = {\r\n\t\t\t\taction : 'WP_FullCalendar',\r\n\t\t\t\t'type' : 'event','month' : 3,'year' : 2026,\t\t\t };\r\n\t\t\tWPFC.month = 3;\r\n\t\t\tWPFC.year = 2026;\r\n\t\t<\/script>\r\n\t\t<\/p>","protected":false},"author":5,"featured_media":0,"parent":0,"menu_order":0,"comment_status":"closed","ping_status":"closed","template":"","meta":{"_et_pb_use_builder":"on","_et_pb_old_content":"","_et_gb_content_width":"","footnotes":""},"class_list":["post-666","page","type-page","status-publish","hentry"],"_links":{"self":[{"href":"https:\/\/princesszuleika.de\/en\/wp-json\/wp\/v2\/pages\/666","targetHints":{"allow":["GET"]}}],"collection":[{"href":"https:\/\/princesszuleika.de\/en\/wp-json\/wp\/v2\/pages"}],"about":[{"href":"https:\/\/princesszuleika.de\/en\/wp-json\/wp\/v2\/types\/page"}],"author":[{"embeddable":true,"href":"https:\/\/princesszuleika.de\/en\/wp-json\/wp\/v2\/users\/5"}],"replies":[{"embeddable":true,"href":"https:\/\/princesszuleika.de\/en\/wp-json\/wp\/v2\/comments?post=666"}],"version-history":[{"count":54,"href":"https:\/\/princesszuleika.de\/en\/wp-json\/wp\/v2\/pages\/666\/revisions"}],"predecessor-version":[{"id":9153,"href":"https:\/\/princesszuleika.de\/en\/wp-json\/wp\/v2\/pages\/666\/revisions\/9153"}],"wp:attachment":[{"href":"https:\/\/princesszuleika.de\/en\/wp-json\/wp\/v2\/media?parent=666"}],"curies":[{"name":"wp","href":"https:\/\/api.w.org\/{rel}","templated":true}]}}