{"id":9222,"date":"2026-04-06T19:36:09","date_gmt":"2026-04-06T17:36:09","guid":{"rendered":"https:\/\/princesszuleika.de\/?page_id=9222"},"modified":"2026-04-06T21:57:16","modified_gmt":"2026-04-06T19:57:16","slug":"sexualbegleitungeinfacherklaert","status":"publish","type":"page","link":"https:\/\/princesszuleika.de\/en\/sexualbegleitungeinfacherklaert\/","title":{"rendered":"Begleitete Sexualit\u00e4t (einfache Sprache)"},"content":{"rendered":"<p>[et_pb_section fb_built=&#8220;1&#8243; _builder_version=&#8220;4.16&#8243; _module_preset=&#8220;default&#8220; background_color=&#8220;#000000&#8243; custom_padding=&#8220;0px||7px||false|false&#8220; global_colors_info=&#8220;{}&#8220;][et_pb_row _builder_version=&#8220;4.16&#8243; _module_preset=&#8220;default&#8220; custom_margin=&#8220;0px||||false|false&#8220; custom_padding=&#8220;0px||||false|false&#8220; global_colors_info=&#8220;{}&#8220;][et_pb_column type=&#8220;4_4&#8243; _builder_version=&#8220;4.16&#8243; _module_preset=&#8220;default&#8220; global_colors_info=&#8220;{}&#8220;][et_pb_text _builder_version=&#8220;4.16&#8243; _dynamic_attributes=&#8220;content&#8220; _module_preset=&#8220;default&#8220; header_font=&#8220;|700|||||||&#8220; header_text_align=&#8220;center&#8220; header_text_color=&#8220;#FFFFFF&#8220; header_font_size=&#8220;36px&#8220; global_colors_info=&#8220;{}&#8220;]@ET-DC@eyJkeW5hbWljIjp0cnVlLCJjb250ZW50IjoicG9zdF90aXRsZSIsInNldHRpbmdzIjp7ImJlZm9yZSI6IjxoMT4iLCJhZnRlciI6IjwvaDE+In19@[\/et_pb_text][\/et_pb_column][\/et_pb_row][\/et_pb_section][et_pb_section fb_built=&#8220;1&#8243; _builder_version=&#8220;4.22.1&#8243; _module_preset=&#8220;default&#8220; background_color=&#8220;#000000&#8243; use_background_color_gradient=&#8220;on&#8220; background_color_gradient_stops=&#8220;rgba(0,0,0,0.25) 0%|rgba(255,255,255,0.06) 100%&#8220; background_color_gradient_overlays_image=&#8220;on&#8220; background_color_gradient_start=&#8220;rgba(0,0,0,0.25)&#8220; background_color_gradient_end=&#8220;rgba(255,255,255,0.06)&#8220; background_image=&#8220;https:\/\/princesszuleika.de\/wp-content\/uploads\/2018\/04\/background_bodyfull.jpg&#8220; background_size=&#8220;initial&#8220; background_position=&#8220;top_center&#8220; background_repeat=&#8220;repeat-x&#8220; locked=&#8220;off&#8220; global_colors_info=&#8220;{}&#8220;][et_pb_row column_structure=&#8220;1_3,1_3,1_3&#8243; _builder_version=&#8220;4.27.6&#8243; _module_preset=&#8220;default&#8220; custom_margin=&#8220;0px||||false|false&#8220; custom_padding=&#8220;0px||||false|false&#8220; global_colors_info=&#8220;{}&#8220;][et_pb_column type=&#8220;1_3&#8243; _builder_version=&#8220;4.16&#8243; _module_preset=&#8220;default&#8220; global_colors_info=&#8220;{}&#8220;][et_pb_image src=&#8220;https:\/\/princesszuleika.de\/wp-content\/uploads\/2026\/04\/whatsapp-image-2026-04-06-at-19.30.13.webp&#8220; title_text=&#8220;WhatsApp Image 2026-04-06 at 19.30.13&#8243; _builder_version=&#8220;4.27.6&#8243; _module_preset=&#8220;default&#8220; global_colors_info=&#8220;{}&#8220;][\/et_pb_image][\/et_pb_column][et_pb_column type=&#8220;1_3&#8243; _builder_version=&#8220;4.27.6&#8243; _module_preset=&#8220;default&#8220; global_colors_info=&#8220;{}&#8220;][et_pb_image src=&#8220;https:\/\/princesszuleika.de\/wp-content\/uploads\/2024\/06\/IMG-20240222-WA0005.jpg&#8220; title_text=&#8220;IMG-20240222-WA0005&#8243; _builder_version=&#8220;4.27.6&#8243; _module_preset=&#8220;default&#8220; global_colors_info=&#8220;{}&#8220;][\/et_pb_image][\/et_pb_column][et_pb_column type=&#8220;1_3&#8243; _builder_version=&#8220;4.27.4&#8243; _module_preset=&#8220;default&#8220; global_colors_info=&#8220;{}&#8220;][et_pb_image src=&#8220;https:\/\/princesszuleika.de\/wp-content\/uploads\/2026\/04\/whatsapp-image-2026-04-06-at-19.29.27.webp&#8220; title_text=&#8220;WhatsApp Image 2026-04-06 at 19.29.27&#8243; _builder_version=&#8220;4.27.6&#8243; _module_preset=&#8220;default&#8220; global_colors_info=&#8220;{}&#8220;][\/et_pb_image][\/et_pb_column][\/et_pb_row][et_pb_row admin_label=&#8220;Deutscher Akkordeon Container&#8220; module_class=&#8220;zuleika-about-acc-de&#8220; _builder_version=&#8220;4.22.1&#8243; _module_preset=&#8220;default&#8220; global_colors_info=&#8220;{}&#8220;][et_pb_column type=&#8220;4_4&#8243; _builder_version=&#8220;4.16&#8243; _module_preset=&#8220;default&#8220; global_colors_info=&#8220;{}&#8220;][et_pb_accordion open_toggle_text_color=&#8220;#FFFFFF&#8220; open_toggle_background_color=&#8220;#000000&#8243; closed_toggle_background_color=&#8220;#000000&#8243; _builder_version=&#8220;4.27.6&#8243; _module_preset=&#8220;default&#8220; toggle_font_size=&#8220;20px&#8220; body_text_color=&#8220;#999999&#8243; custom_margin=&#8220;||||false|false&#8220; hover_enabled=&#8220;0&#8243; border_color_all=&#8220;#333333&#8243; global_colors_info=&#8220;{}&#8220; sticky_enabled=&#8220;0&#8243;][et_pb_accordion_item title=&#8220;SEXUALBEGLEITUNG \/ ASSISTENZ \/ RAUM F\u00dcR BER\u00dcHRUNG (einfache Sprache)&#8220; open=&#8220;on&#8220; _builder_version=&#8220;4.27.6&#8243; _module_preset=&#8220;default&#8220; hover_enabled=&#8220;0&#8243; global_colors_info=&#8220;{}&#8220; sticky_enabled=&#8220;0&#8243;]<\/p>\n<p data-start=\"216\" data-end=\"278\"><em><strong>Dieser Bereich ist bewusst in einfacher Sprache geschrieben.<\/strong><\/em><\/p>\n<p data-start=\"285\" data-end=\"458\"><strong>UM WAS GEHT ES?<br \/><\/strong><br \/>Ich biete Begegnungen f\u00fcr Menschen mit Behinderung, Krankheit oder im Alter an.<br data-start=\"364\" data-end=\"367\" \/>Auch f\u00fcr Menschen, die in einer Einrichtung leben und sich N\u00e4he und Ber\u00fchrung w\u00fcnschen.<\/p>\n<p data-start=\"465\" data-end=\"544\">Ich helfe Menschen, denen es schwerf\u00e4llt, Sexualit\u00e4t selbstst\u00e4ndig auszuleben.<\/p>\n<p>Du darfst mich ber\u00fchren oder dich von mir ber\u00fchren lassen. Wir besprechen vorher immer genau, was erlaubt ist.<br \/>Wir entscheiden gemeinsam, was gut tut.<\/p>\n<p data-start=\"603\" data-end=\"625\"><strong>WAS IST M\u00d6GLICH?<\/strong><\/p>\n<ul>\n<li>\u00fcber Sexualit\u00e4t sprechen und Fragen stellen<\/li>\n<li>K\u00f6rper gemeinsam erforschen<\/li>\n<li>sinnliche und lustvolle Massagen<\/li>\n<li>Streicheln, Z\u00e4rtlichkeiten<\/li>\n<li>Ber\u00fchrung, Kuscheln und Umarmungen<\/li>\n<li>K\u00f6rperliche N\u00e4he bei schwerer Krankheit, im Alter oder nach Ver\u00e4nderungen des K\u00f6rpers erleben<\/li>\n<li>Sexualassistenz f\u00fcr einzelne Menschen oder Paare mit eingeschr\u00e4nkter Bewegung<\/li>\n<li>Spielzeuge austesten<\/li>\n<li>W\u00fcnsche oder Vorlieben entdecken<\/li>\n<li>ein Rollenspiel oder Fetische ausprobieren<\/li>\n<\/ul>\n<p data-start=\"832\" data-end=\"935\"><strong>WO TREFFEN WIR UNS?<\/strong><br \/><br data-start=\"855\" data-end=\"858\" \/>Ich bin oft in Mannheim oder in Z\u00fcrich.<br data-start=\"899\" data-end=\"902\" \/>Du kannst mich dort besuchen.<\/p>\n<p data-start=\"942\" data-end=\"990\">Nicht alle R\u00e4ume sind f\u00fcr Rollst\u00fchle geeignet.<\/p>\n<p data-start=\"997\" data-end=\"1072\">Manche Menschen bleiben lieber zu Hause.<br data-start=\"1037\" data-end=\"1040\" \/>Dort f\u00fchlen sie sich sicher.<\/p>\n<p data-start=\"1079\" data-end=\"1140\">Ich komme auch zu dir nach Hause oder in deine Einrichtung.<\/p>\n<p data-start=\"1104\" data-end=\"1155\"><strong>Hinweis:<\/strong><br \/><strong>Gerne beantworte ich Anfragen von Angeh\u00f6rigen oder Institutionen per EMail.<\/strong><\/p>\n<p>[\/et_pb_accordion_item][\/et_pb_accordion][\/et_pb_column][\/et_pb_row][et_pb_row admin_label=&#8220;Englischer Akkordeon Container&#8220; module_class=&#8220;zuleika-about-acc-en&#8220; _builder_version=&#8220;4.22.1&#8243; _module_preset=&#8220;default&#8220; global_colors_info=&#8220;{}&#8220;][et_pb_column type=&#8220;4_4&#8243; _builder_version=&#8220;4.16&#8243; _module_preset=&#8220;default&#8220; global_colors_info=&#8220;{}&#8220;][et_pb_accordion open_toggle_text_color=&#8220;#FFFFFF&#8220; open_toggle_background_color=&#8220;#000000&#8243; closed_toggle_background_color=&#8220;#000000&#8243; _builder_version=&#8220;4.27.6&#8243; _module_preset=&#8220;default&#8220; toggle_font_size=&#8220;20px&#8220; body_text_color=&#8220;#999999&#8243; custom_margin=&#8220;||||false|false&#8220; border_color_all=&#8220;#333333&#8243; global_colors_info=&#8220;{}&#8220;][et_pb_accordion_item title=&#8220;Sexual support services and assistance&#8220; open=&#8220;on&#8220; _builder_version=&#8220;4.27.6&#8243; _module_preset=&#8220;default&#8220; global_colors_info=&#8220;{}&#8220;]<\/p>\n<p>This section is intentionally written in simple language.<\/p>\n<p>I offer encounters for people with disabilities, illness, or in old age.<br \/>Also for people who live in a care facility and long for closeness and touch.<\/p>\n<p>I support people who find it difficult to live out their sexuality on their own.<\/p>\n<p>We decide together what feels good for you.<\/p>\n<p><strong>WHAT IS POSSIBLE?<\/strong><\/p>\n<ul>\n<li>\n<p>talking about sexuality and asking questions<\/p>\n<\/li>\n<li>\n<p>sensual massages<\/p>\n<\/li>\n<li>\n<p>touch, cuddling, and hugs<\/p>\n<\/li>\n<li>\n<p>sexual assistance for individuals or couples with limited mobility<\/p>\n<\/li>\n<li>\n<p>trying out toys<\/p>\n<\/li>\n<li>\n<p>discovering wishes or preferences<\/p>\n<\/li>\n<li>\n<p>exploring role play or fetishes<\/p>\n<\/li>\n<\/ul>\n<p><strong>WHERE DO WE MEET?<\/strong><\/p>\n<p>I am often in Mannheim or in Zurich.<br \/>You can visit me there.<\/p>\n<p>Not all rooms are wheelchair accessible.<\/p>\n<p>Some people prefer to stay at home.<br \/>That\u2019s where they feel safe.<\/p>\n<p>I can also come to your home or your care facility.<\/p>\n<p>We decide together: what is good for you?<\/p>\n<p><strong>Note:<\/strong><br \/>I am happy to respond to inquiries from relatives or institutions via email.<\/p>\n<p>[\/et_pb_accordion_item][\/et_pb_accordion][\/et_pb_column][\/et_pb_row][\/et_pb_section]<\/p>\n","protected":false},"excerpt":{"rendered":"<p>Dieser Bereich ist bewusst in einfacher Sprache geschrieben. UM WAS GEHT ES?Ich biete Begegnungen f\u00fcr Menschen mit Behinderung, Krankheit oder im Alter an.Auch f\u00fcr Menschen, die in einer Einrichtung leben und sich N\u00e4he und Ber\u00fchrung w\u00fcnschen. Ich helfe Menschen, denen es schwerf\u00e4llt, Sexualit\u00e4t selbstst\u00e4ndig auszuleben. Du darfst mich ber\u00fchren oder dich von mir ber\u00fchren lassen. Wir besprechen vorher immer genau, was erlaubt ist.Wir entscheiden gemeinsam, was gut tut. WAS IST M\u00d6GLICH? \u00fcber Sexualit\u00e4t sprechen und Fragen stellen K\u00f6rper gemeinsam erforschen sinnliche und lustvolle Massagen Streicheln, Z\u00e4rtlichkeiten Ber\u00fchrung, Kuscheln und Umarmungen K\u00f6rperliche N\u00e4he bei schwerer Krankheit, im Alter oder nach Ver\u00e4nderungen des K\u00f6rpers erleben Sexualassistenz f\u00fcr einzelne Menschen oder Paare mit eingeschr\u00e4nkter Bewegung Spielzeuge austesten W\u00fcnsche oder Vorlieben entdecken ein Rollenspiel oder Fetische ausprobieren WO TREFFEN WIR UNS?Ich bin oft in Mannheim oder in Z\u00fcrich.Du kannst mich dort besuchen. Nicht alle R\u00e4ume sind f\u00fcr Rollst\u00fchle geeignet. Manche Menschen bleiben lieber zu Hause.Dort f\u00fchlen sie sich sicher. Ich komme auch zu dir nach Hause oder in deine Einrichtung. Hinweis:Gerne beantworte ich Anfragen von Angeh\u00f6rigen oder Institutionen per EMail.This section is intentionally written in simple language. I offer encounters for people with disabilities, illness, or in old age.Also for people who live in [&hellip;]<\/p>\n","protected":false},"author":5,"featured_media":0,"parent":0,"menu_order":0,"comment_status":"open","ping_status":"closed","template":"","meta":{"_et_pb_use_builder":"on","_et_pb_old_content":"","_et_gb_content_width":"","footnotes":""},"class_list":["post-9222","page","type-page","status-publish","hentry"],"_links":{"self":[{"href":"https:\/\/princesszuleika.de\/en\/wp-json\/wp\/v2\/pages\/9222","targetHints":{"allow":["GET"]}}],"collection":[{"href":"https:\/\/princesszuleika.de\/en\/wp-json\/wp\/v2\/pages"}],"about":[{"href":"https:\/\/princesszuleika.de\/en\/wp-json\/wp\/v2\/types\/page"}],"author":[{"embeddable":true,"href":"https:\/\/princesszuleika.de\/en\/wp-json\/wp\/v2\/users\/5"}],"replies":[{"embeddable":true,"href":"https:\/\/princesszuleika.de\/en\/wp-json\/wp\/v2\/comments?post=9222"}],"version-history":[{"count":5,"href":"https:\/\/princesszuleika.de\/en\/wp-json\/wp\/v2\/pages\/9222\/revisions"}],"predecessor-version":[{"id":9246,"href":"https:\/\/princesszuleika.de\/en\/wp-json\/wp\/v2\/pages\/9222\/revisions\/9246"}],"wp:attachment":[{"href":"https:\/\/princesszuleika.de\/en\/wp-json\/wp\/v2\/media?parent=9222"}],"curies":[{"name":"wp","href":"https:\/\/api.w.org\/{rel}","templated":true}]}}